{"id":1057,"date":"2022-10-14T21:21:47","date_gmt":"2022-10-14T21:21:47","guid":{"rendered":"https:\/\/sofilu.pl\/?post_type=product&#038;p=1057"},"modified":"2025-12-01T00:04:56","modified_gmt":"2025-12-01T00:04:56","slug":"suknia-lumina","status":"publish","type":"product","link":"https:\/\/sofilu.pl\/index.php\/produkt\/suknia-lumina\/","title":{"rendered":"Suknia LUMINA"},"content":{"rendered":"<h2><strong>Suknia LUMINA<\/strong><\/h2>\n<h4><strong>D\u0142uga dopasowana suknia lekko rozszerzana do\u0142em z rozporkiem, z rozci\u0105gliwej siatki zdobionej cekinami. Dopasowana g\u00f3ra z g\u0142ebokim dekoltem i zwiewnym r\u0119kawkiem.<\/strong><\/h4>\n<p>Produkcja i projekt : Beata Charachajczuk<\/p>\n<p>Fotografia : Ilona Litwin Fotografia<\/p>\n","protected":false},"excerpt":{"rendered":"<h4><strong>Suknia LUMINA<\/strong><\/h4>\n<p>D\u0142uga dopasowana suknia lekko rozszerzana do\u0142em z rozporkiem, z rozci\u0105gliwej siatki zdobionej cekinami. Dopasowana g\u00f3ra z g\u0142\u0119bokim dekoltem i zwiewnym r\u0119kawkiem.<\/p>\n","protected":false},"featured_media":1058,"comment_status":"open","ping_status":"closed","template":"","meta":{"jetpack_publicize_message":"","jetpack_publicize_feature_enabled":true,"jetpack_social_post_already_shared":true,"jetpack_social_options":{"image_generator_settings":{"template":"highway","default_image_id":0,"font":"","enabled":false},"version":2}},"product_brand":[],"product_cat":[74],"product_tag":[97,98,23,96],"class_list":{"0":"post-1057","1":"product","2":"type-product","3":"status-publish","4":"has-post-thumbnail","6":"product_cat-suknie-dzianinowe","7":"product_tag-lumina","8":"product_tag-sofilu","9":"product_tag-suknia","10":"product_tag-suknia-lumina","12":"first","13":"instock","14":"purchasable","15":"product-type-variable"},"jetpack_publicize_connections":[],"jetpack_sharing_enabled":true,"jetpack_likes_enabled":true,"_links":{"self":[{"href":"https:\/\/sofilu.pl\/index.php\/wp-json\/wp\/v2\/product\/1057","targetHints":{"allow":["GET"]}}],"collection":[{"href":"https:\/\/sofilu.pl\/index.php\/wp-json\/wp\/v2\/product"}],"about":[{"href":"https:\/\/sofilu.pl\/index.php\/wp-json\/wp\/v2\/types\/product"}],"replies":[{"embeddable":true,"href":"https:\/\/sofilu.pl\/index.php\/wp-json\/wp\/v2\/comments?post=1057"}],"wp:featuredmedia":[{"embeddable":true,"href":"https:\/\/sofilu.pl\/index.php\/wp-json\/wp\/v2\/media\/1058"}],"wp:attachment":[{"href":"https:\/\/sofilu.pl\/index.php\/wp-json\/wp\/v2\/media?parent=1057"}],"wp:term":[{"taxonomy":"product_brand","embeddable":true,"href":"https:\/\/sofilu.pl\/index.php\/wp-json\/wp\/v2\/product_brand?post=1057"},{"taxonomy":"product_cat","embeddable":true,"href":"https:\/\/sofilu.pl\/index.php\/wp-json\/wp\/v2\/product_cat?post=1057"},{"taxonomy":"product_tag","embeddable":true,"href":"https:\/\/sofilu.pl\/index.php\/wp-json\/wp\/v2\/product_tag?post=1057"}],"curies":[{"name":"wp","href":"https:\/\/api.w.org\/{rel}","templated":true}]}}