{"id":1121,"date":"2023-02-15T06:49:43","date_gmt":"2023-02-15T06:49:43","guid":{"rendered":"https:\/\/sofilu.pl\/?post_type=product&#038;p=1121"},"modified":"2025-12-01T00:04:56","modified_gmt":"2025-12-01T00:04:56","slug":"suknia-brilar","status":"publish","type":"product","link":"https:\/\/sofilu.pl\/index.php\/produkt\/suknia-brilar\/","title":{"rendered":"Suknia BRILAR"},"content":{"rendered":"<h2><strong>Suknia BRILAR<\/strong><\/h2>\n<h4><strong>Cekinowa suknia midi z d\u0142ugim r\u0119kawem. Dopasowana z przyjemn\u0105 w dotyku podszewk\u0105. Prost\u0105 lini\u0119 ramion uzupe\u0142nia g\u0142\u0119boki dekolt w liter\u0119 V.<\/strong><\/h4>\n<p>Projekt i wykonanie: <a href=\"https:\/\/www.facebook.com\/SofiLuProps\" target=\"_blank\" rel=\"noopener noreferrer\">Beata Charachajczuk<\/a><br \/>\nFotografia: <a href=\"https:\/\/www.facebook.com\/MagdalenaMakowskaPhotography\" target=\"_blank\" rel=\"noopener\">Magdalena Makowska<\/a><\/p>\n","protected":false},"excerpt":{"rendered":"<h4><strong>Suknia BRILAR<\/strong><\/h4>\n<p>Cekinowa suknia midi z d\u0142ugim r\u0119kawem. Dopasowana z przyjemn\u0105 w dotyku podszewk\u0105.<\/p>\n<p>Prost\u0105 lini\u0119 ramion uzupe\u0142nia g\u0142\u0119boki dekolt w liter\u0119 V.<\/p>\n","protected":false},"featured_media":1140,"comment_status":"open","ping_status":"closed","template":"","meta":{"jetpack_publicize_message":"","jetpack_publicize_feature_enabled":true,"jetpack_social_post_already_shared":true,"jetpack_social_options":{"image_generator_settings":{"template":"highway","default_image_id":0,"font":"","enabled":false},"version":2}},"product_brand":[],"product_cat":[74],"product_tag":[26,28,27,98,19],"class_list":{"0":"post-1121","1":"product","2":"type-product","3":"status-publish","4":"has-post-thumbnail","6":"product_cat-suknie-dzianinowe","7":"product_tag-fotografia","8":"product_tag-fotograficzna","9":"product_tag-sesja","10":"product_tag-sofilu","11":"product_tag-sukienka","13":"first","14":"instock","15":"purchasable","16":"product-type-variable"},"jetpack_publicize_connections":[],"jetpack_sharing_enabled":true,"jetpack_likes_enabled":true,"_links":{"self":[{"href":"https:\/\/sofilu.pl\/index.php\/wp-json\/wp\/v2\/product\/1121","targetHints":{"allow":["GET"]}}],"collection":[{"href":"https:\/\/sofilu.pl\/index.php\/wp-json\/wp\/v2\/product"}],"about":[{"href":"https:\/\/sofilu.pl\/index.php\/wp-json\/wp\/v2\/types\/product"}],"replies":[{"embeddable":true,"href":"https:\/\/sofilu.pl\/index.php\/wp-json\/wp\/v2\/comments?post=1121"}],"wp:featuredmedia":[{"embeddable":true,"href":"https:\/\/sofilu.pl\/index.php\/wp-json\/wp\/v2\/media\/1140"}],"wp:attachment":[{"href":"https:\/\/sofilu.pl\/index.php\/wp-json\/wp\/v2\/media?parent=1121"}],"wp:term":[{"taxonomy":"product_brand","embeddable":true,"href":"https:\/\/sofilu.pl\/index.php\/wp-json\/wp\/v2\/product_brand?post=1121"},{"taxonomy":"product_cat","embeddable":true,"href":"https:\/\/sofilu.pl\/index.php\/wp-json\/wp\/v2\/product_cat?post=1121"},{"taxonomy":"product_tag","embeddable":true,"href":"https:\/\/sofilu.pl\/index.php\/wp-json\/wp\/v2\/product_tag?post=1121"}],"curies":[{"name":"wp","href":"https:\/\/api.w.org\/{rel}","templated":true}]}}