{"id":1195,"date":"2023-03-07T21:30:53","date_gmt":"2023-03-07T21:30:53","guid":{"rendered":"https:\/\/sofilu.pl\/?post_type=product&#038;p=1195"},"modified":"2025-12-01T00:05:11","modified_gmt":"2025-12-01T00:05:11","slug":"suknia-seila","status":"publish","type":"product","link":"https:\/\/sofilu.pl\/index.php\/produkt\/suknia-seila\/","title":{"rendered":"Suknia SEILA"},"content":{"rendered":"<h4><strong>Suknia SEILA<\/strong><\/h4>\n<h4><strong>Efektowna suknia tiulowa z bolerkiem. G\u00f3ra sukni gorsetowa, usztywniona fiszbinami wi\u0105zana na plecach. Roz\u0142o\u017cysty d\u00f3\u0142 sukni wyko\u0144czony falbanami. W zestawie bolerko z rozszerzanym r\u0119kawem bogato zdobionym falbanami.<\/strong><\/h4>\n<p>Projekt i wykonanie: <a href=\"https:\/\/www.facebook.com\/SofiLuProps\" target=\"_blank\" rel=\"noopener noreferrer\">Beata Charachajczuk<\/a><br \/>\nFotografia: <a href=\"https:\/\/www.facebook.com\/MagdalenaMakowskaPhotography\" target=\"_blank\" rel=\"noopener\">Magdalena Makowska<\/a><\/p>\n","protected":false},"excerpt":{"rendered":"<h4><strong>Suknia SEILA<\/strong><\/h4>\n<p>Efektowna suknia tiulowa z bolerkiem. G\u00f3ra sukni gorsetowa, usztywniona fiszbinami wi\u0105zana na plecach. Roz\u0142o\u017cysty d\u00f3\u0142 sukni wyko\u0144czony falbanami. W zestawie bolerko z rozszerzanym r\u0119kawem bogato zdobionym falbanami.<\/p>\n","protected":false},"featured_media":1196,"comment_status":"open","ping_status":"closed","template":"","meta":{"jetpack_publicize_message":"","jetpack_publicize_feature_enabled":true,"jetpack_social_post_already_shared":true,"jetpack_social_options":{"image_generator_settings":{"template":"highway","default_image_id":0,"font":"","enabled":false},"version":2}},"product_brand":[],"product_cat":[75],"product_tag":[26,28,27,98,19],"class_list":{"0":"post-1195","1":"product","2":"type-product","3":"status-publish","4":"has-post-thumbnail","6":"product_cat-suknie-tiulowe","7":"product_tag-fotografia","8":"product_tag-fotograficzna","9":"product_tag-sesja","10":"product_tag-sofilu","11":"product_tag-sukienka","13":"first","14":"instock","15":"purchasable","16":"product-type-variable"},"jetpack_publicize_connections":[],"jetpack_sharing_enabled":true,"jetpack_likes_enabled":true,"_links":{"self":[{"href":"https:\/\/sofilu.pl\/index.php\/wp-json\/wp\/v2\/product\/1195","targetHints":{"allow":["GET"]}}],"collection":[{"href":"https:\/\/sofilu.pl\/index.php\/wp-json\/wp\/v2\/product"}],"about":[{"href":"https:\/\/sofilu.pl\/index.php\/wp-json\/wp\/v2\/types\/product"}],"replies":[{"embeddable":true,"href":"https:\/\/sofilu.pl\/index.php\/wp-json\/wp\/v2\/comments?post=1195"}],"wp:featuredmedia":[{"embeddable":true,"href":"https:\/\/sofilu.pl\/index.php\/wp-json\/wp\/v2\/media\/1196"}],"wp:attachment":[{"href":"https:\/\/sofilu.pl\/index.php\/wp-json\/wp\/v2\/media?parent=1195"}],"wp:term":[{"taxonomy":"product_brand","embeddable":true,"href":"https:\/\/sofilu.pl\/index.php\/wp-json\/wp\/v2\/product_brand?post=1195"},{"taxonomy":"product_cat","embeddable":true,"href":"https:\/\/sofilu.pl\/index.php\/wp-json\/wp\/v2\/product_cat?post=1195"},{"taxonomy":"product_tag","embeddable":true,"href":"https:\/\/sofilu.pl\/index.php\/wp-json\/wp\/v2\/product_tag?post=1195"}],"curies":[{"name":"wp","href":"https:\/\/api.w.org\/{rel}","templated":true}]}}