{"id":1463,"date":"2024-02-29T16:59:06","date_gmt":"2024-02-29T16:59:06","guid":{"rendered":"https:\/\/sofilu.pl\/?post_type=product&#038;p=1463"},"modified":"2025-12-01T00:05:08","modified_gmt":"2025-12-01T00:05:08","slug":"suknia-florence","status":"publish","type":"product","link":"https:\/\/sofilu.pl\/index.php\/produkt\/suknia-florence\/","title":{"rendered":"Suknia FLORENCE"},"content":{"rendered":"<h4><strong>Suknia FLORENCE<\/strong><\/h4>\n<h4><b>Zjawiskowa suknia tiulowa na gorsecie wyszywana zdobn\u0105 koronk\u0105. G\u00f3ra sukni to gorset wi\u0105zany z ty\u0142u. D\u00f3\u0142 to roz\u0142o\u017cysta sp\u00f3dnica z ko\u0142a z kilku warstw tiulu z lekkim trenem. Sp\u00f3dnica podszyta jest podszewk\u0105 i posiada <\/b><span style=\"font-size: 22.652px;\"><b>rozci\u0119cie<\/b><\/span><b>\u00a0z przodu. W zestawie zdejmowane r\u0119kawki.<\/b><\/h4>\n<p>Projekt i wykonanie: <a href=\"https:\/\/www.facebook.com\/SofiLuProps\" target=\"_blank\" rel=\"noopener noreferrer\">Beata Charachajczuk<\/a><br \/>\nFotografia: <a href=\"https:\/\/www.facebook.com\/MagdalenaMakowskaPhotography\" target=\"_blank\" rel=\"noopener\">Magdalena Makowska<\/a><\/p>\n","protected":false},"excerpt":{"rendered":"<p><strong>Suknia Florence<\/strong><\/p>\n<p>Zjawiskowa suknia tiulowa na gorsecie wyszywana zdobn\u0105 koronk\u0105. G\u00f3ra sukni to gorset wi\u0105zany z ty\u0142u. D\u00f3\u0142 to roz\u0142o\u017cysta sp\u00f3dnica z ko\u0142a z kilku warstw tiulu z lekkim trenem. Sp\u00f3dnica podszyta jest podszewk\u0105 i posiada rozci\u0119cie z przodu. W zestawie zdejmowane r\u0119kawki.<\/p>\n","protected":false},"featured_media":1483,"comment_status":"open","ping_status":"closed","template":"","meta":{"jetpack_publicize_message":"","jetpack_publicize_feature_enabled":true,"jetpack_social_post_already_shared":true,"jetpack_social_options":{"image_generator_settings":{"template":"highway","default_image_id":0,"font":"","enabled":false},"version":2}},"product_brand":[],"product_cat":[75],"product_tag":[],"class_list":{"0":"post-1463","1":"product","2":"type-product","3":"status-publish","4":"has-post-thumbnail","6":"product_cat-suknie-tiulowe","8":"first","9":"instock","10":"purchasable","11":"product-type-variable"},"jetpack_publicize_connections":[],"jetpack_sharing_enabled":true,"jetpack_likes_enabled":true,"_links":{"self":[{"href":"https:\/\/sofilu.pl\/index.php\/wp-json\/wp\/v2\/product\/1463","targetHints":{"allow":["GET"]}}],"collection":[{"href":"https:\/\/sofilu.pl\/index.php\/wp-json\/wp\/v2\/product"}],"about":[{"href":"https:\/\/sofilu.pl\/index.php\/wp-json\/wp\/v2\/types\/product"}],"replies":[{"embeddable":true,"href":"https:\/\/sofilu.pl\/index.php\/wp-json\/wp\/v2\/comments?post=1463"}],"wp:featuredmedia":[{"embeddable":true,"href":"https:\/\/sofilu.pl\/index.php\/wp-json\/wp\/v2\/media\/1483"}],"wp:attachment":[{"href":"https:\/\/sofilu.pl\/index.php\/wp-json\/wp\/v2\/media?parent=1463"}],"wp:term":[{"taxonomy":"product_brand","embeddable":true,"href":"https:\/\/sofilu.pl\/index.php\/wp-json\/wp\/v2\/product_brand?post=1463"},{"taxonomy":"product_cat","embeddable":true,"href":"https:\/\/sofilu.pl\/index.php\/wp-json\/wp\/v2\/product_cat?post=1463"},{"taxonomy":"product_tag","embeddable":true,"href":"https:\/\/sofilu.pl\/index.php\/wp-json\/wp\/v2\/product_tag?post=1463"}],"curies":[{"name":"wp","href":"https:\/\/api.w.org\/{rel}","templated":true}]}}