{"id":1519,"date":"2024-04-09T20:11:51","date_gmt":"2024-04-09T20:11:51","guid":{"rendered":"https:\/\/sofilu.pl\/?post_type=product&#038;p=1519"},"modified":"2025-12-01T00:04:51","modified_gmt":"2025-12-01T00:04:51","slug":"suknia-zahara","status":"publish","type":"product","link":"https:\/\/sofilu.pl\/index.php\/produkt\/suknia-zahara\/","title":{"rendered":"Suknia ZAHARA"},"content":{"rendered":"<h4><strong>Suknia ZAHARA<\/strong><\/h4>\n<h4><b>Suknia to komplet w kt\u00f3rego sk\u0142ad wchodzi: gorset z bawe\u0142nianej koronki, odpinane r\u0119kawki, obszerna sp\u00f3dnica z kilku warstw tiulu oraz w\u0105ska sp\u00f3dnica z jerseyu. Osobne cz\u0119\u015bci pozwalaj\u0105 na r\u00f3\u017cne kombinacje.\u00a0<\/b><\/h4>\n<p>Projekt i wykonanie: <a href=\"https:\/\/www.facebook.com\/SofiLuProps\" target=\"_blank\" rel=\"noopener noreferrer\">Beata Charachajczuk<\/a><br \/>\nFotografia: <a href=\"https:\/\/www.facebook.com\/MagdalenaMakowskaPhotography\" target=\"_blank\" rel=\"noopener\">Magdalena Makowska<\/a><\/p>\n","protected":false},"excerpt":{"rendered":"<p><strong>Suknia ZAHARA<\/strong><\/p>\n<p>Suknia to komplet w kt\u00f3rego sk\u0142ad wchodzi: gorset z bawe\u0142nianej koronki, odpinane r\u0119kawki, obszerna sp\u00f3dnica z kilku warstw tiulu oraz w\u0105ska sp\u00f3dnica z jerseyu. Osobne cz\u0119\u015bci pozwalaj\u0105 na r\u00f3\u017cne kombinacje.<\/p>\n","protected":false},"featured_media":1485,"comment_status":"open","ping_status":"closed","template":"","meta":{"jetpack_publicize_message":"","jetpack_publicize_feature_enabled":true,"jetpack_social_post_already_shared":true,"jetpack_social_options":{"image_generator_settings":{"template":"highway","default_image_id":0,"font":"","enabled":false},"version":2}},"product_brand":[],"product_cat":[75],"product_tag":[],"class_list":{"0":"post-1519","1":"product","2":"type-product","3":"status-publish","4":"has-post-thumbnail","6":"product_cat-suknie-tiulowe","8":"first","9":"instock","10":"purchasable","11":"product-type-simple"},"jetpack_publicize_connections":[],"jetpack_sharing_enabled":true,"jetpack_likes_enabled":true,"_links":{"self":[{"href":"https:\/\/sofilu.pl\/index.php\/wp-json\/wp\/v2\/product\/1519","targetHints":{"allow":["GET"]}}],"collection":[{"href":"https:\/\/sofilu.pl\/index.php\/wp-json\/wp\/v2\/product"}],"about":[{"href":"https:\/\/sofilu.pl\/index.php\/wp-json\/wp\/v2\/types\/product"}],"replies":[{"embeddable":true,"href":"https:\/\/sofilu.pl\/index.php\/wp-json\/wp\/v2\/comments?post=1519"}],"wp:featuredmedia":[{"embeddable":true,"href":"https:\/\/sofilu.pl\/index.php\/wp-json\/wp\/v2\/media\/1485"}],"wp:attachment":[{"href":"https:\/\/sofilu.pl\/index.php\/wp-json\/wp\/v2\/media?parent=1519"}],"wp:term":[{"taxonomy":"product_brand","embeddable":true,"href":"https:\/\/sofilu.pl\/index.php\/wp-json\/wp\/v2\/product_brand?post=1519"},{"taxonomy":"product_cat","embeddable":true,"href":"https:\/\/sofilu.pl\/index.php\/wp-json\/wp\/v2\/product_cat?post=1519"},{"taxonomy":"product_tag","embeddable":true,"href":"https:\/\/sofilu.pl\/index.php\/wp-json\/wp\/v2\/product_tag?post=1519"}],"curies":[{"name":"wp","href":"https:\/\/api.w.org\/{rel}","templated":true}]}}