{"id":1640,"date":"2024-06-26T14:50:58","date_gmt":"2024-06-26T14:50:58","guid":{"rendered":"https:\/\/sofilu.pl\/?post_type=product&#038;p=1640"},"modified":"2025-12-14T17:38:35","modified_gmt":"2025-12-14T17:38:35","slug":"suknia-flora-gotowa-do-wysylki","status":"publish","type":"product","link":"https:\/\/sofilu.pl\/index.php\/produkt\/suknia-flora-gotowa-do-wysylki\/","title":{"rendered":"Suknia FLORA gotowa do wysy\u0142ki"},"content":{"rendered":"<h2><strong>Suknia FLORA<\/strong><\/h2>\n<h4><strong>Zwiewna suknia uszyta z drukowanego tiulu. G\u00f3ra gorsetowa wi\u0105zana z ty\u0142u.<br \/>\nD\u00f3\u0142 sukni z dw\u00f3ch warstw tiulu z rozci\u0119ciem z przodu do samego gorsetu.<br \/>\nW zestawie r\u0119kawki bufki.<\/strong><\/h4>\n<h4><strong>Rozmiar uniwersalny.<\/strong><\/h4>\n","protected":false},"excerpt":{"rendered":"<h2>Suknia <strong>Flora<\/strong><\/h2>\n<p>Zwiewna suknia uszyta z drukowanego tiulu. G\u00f3ra gorsetowa wi\u0105zana z ty\u0142u.<br \/>\nD\u00f3\u0142 sukni z dw\u00f3ch warstw tiulu z rozci\u0119ciem z przodu do samego gorsetu.<br \/>\nW zestawie r\u0119kawki bufki.<\/p>\n<p>Rozmiar uniwersalny.<\/p>\n<p>&nbsp;<\/p>\n","protected":false},"featured_media":763,"comment_status":"open","ping_status":"closed","template":"","meta":{"jetpack_publicize_message":"","jetpack_publicize_feature_enabled":true,"jetpack_social_post_already_shared":true,"jetpack_social_options":{"image_generator_settings":{"template":"highway","default_image_id":0,"font":"","enabled":false},"version":2}},"product_brand":[],"product_cat":[104],"product_tag":[92,26,28,60,27,19,20,23,87,79,24,78],"class_list":{"0":"post-1640","1":"product","2":"type-product","3":"status-publish","4":"has-post-thumbnail","6":"product_cat-suknie-gotowe-do-wysylki","7":"product_tag-flora","8":"product_tag-fotografia","9":"product_tag-fotograficzna","10":"product_tag-komplet","11":"product_tag-sesja","12":"product_tag-sukienka","13":"product_tag-sukienki","14":"product_tag-suknia","15":"product_tag-suknia-manuela","16":"product_tag-suknia-tiulowa","17":"product_tag-suknie","18":"product_tag-tiul","20":"first","21":"instock","22":"sale","23":"featured","24":"purchasable","25":"product-type-variable"},"jetpack_publicize_connections":[],"jetpack_sharing_enabled":true,"jetpack_likes_enabled":true,"_links":{"self":[{"href":"https:\/\/sofilu.pl\/index.php\/wp-json\/wp\/v2\/product\/1640","targetHints":{"allow":["GET"]}}],"collection":[{"href":"https:\/\/sofilu.pl\/index.php\/wp-json\/wp\/v2\/product"}],"about":[{"href":"https:\/\/sofilu.pl\/index.php\/wp-json\/wp\/v2\/types\/product"}],"replies":[{"embeddable":true,"href":"https:\/\/sofilu.pl\/index.php\/wp-json\/wp\/v2\/comments?post=1640"}],"wp:featuredmedia":[{"embeddable":true,"href":"https:\/\/sofilu.pl\/index.php\/wp-json\/wp\/v2\/media\/763"}],"wp:attachment":[{"href":"https:\/\/sofilu.pl\/index.php\/wp-json\/wp\/v2\/media?parent=1640"}],"wp:term":[{"taxonomy":"product_brand","embeddable":true,"href":"https:\/\/sofilu.pl\/index.php\/wp-json\/wp\/v2\/product_brand?post=1640"},{"taxonomy":"product_cat","embeddable":true,"href":"https:\/\/sofilu.pl\/index.php\/wp-json\/wp\/v2\/product_cat?post=1640"},{"taxonomy":"product_tag","embeddable":true,"href":"https:\/\/sofilu.pl\/index.php\/wp-json\/wp\/v2\/product_tag?post=1640"}],"curies":[{"name":"wp","href":"https:\/\/api.w.org\/{rel}","templated":true}]}}