{"id":1759,"date":"2024-12-13T20:49:08","date_gmt":"2024-12-13T20:49:08","guid":{"rendered":"https:\/\/sofilu.pl\/?post_type=product&#038;p=1759"},"modified":"2026-01-02T15:12:43","modified_gmt":"2026-01-02T15:12:43","slug":"suknia-gabriela-ii","status":"publish","type":"product","link":"https:\/\/sofilu.pl\/index.php\/produkt\/suknia-gabriela-ii\/","title":{"rendered":"Suknia GABRIELA II"},"content":{"rendered":"<h2><strong>Suknia GABRIELA II<\/strong><\/h2>\n<h4><strong>Dopasowana suknia z jerseyu z zak\u0142adanym dekoltem i kr\u00f3tkim r\u0119kawkiem z jerseyu rozszerzana do\u0142em, z trenem.<\/strong><\/h4>\n<h4><strong>Rozmiar uniwersalny.<\/strong><\/h4>\n<p>Projekt i wykonanie: <a href=\"https:\/\/www.facebook.com\/Beata-Charachajczuk-Pracownia-Krawiecka-867708973347916\" target=\"_blank\" rel=\"noopener noreferrer\">Beata Charachajczuk<\/a><br \/>\nFotografia: <a href=\"http:\/\/ilonalitwin.pl\/\" target=\"_blank\" rel=\"noopener\">Ilona Litwin<\/a><\/p>\n","protected":false},"excerpt":{"rendered":"<p>Suknia GABRIELA II<\/p>\n<p>Dopasowana suknia z jerseyu z zak\u0142adanym dekoltem i kr\u00f3tkim r\u0119kawkiem z jerseyu rozszerzana do\u0142em, z trenem.<\/p>\n<p>Rozmiar uniwersalny<\/p>\n<p>&nbsp;<\/p>\n<p>&nbsp;<\/p>\n","protected":false},"featured_media":1782,"comment_status":"open","ping_status":"closed","template":"","meta":{"jetpack_publicize_message":"","jetpack_publicize_feature_enabled":true,"jetpack_social_post_already_shared":true,"jetpack_social_options":{"image_generator_settings":{"template":"highway","default_image_id":0,"font":"","enabled":false},"version":2}},"product_brand":[],"product_cat":[74],"product_tag":[26,28,64,60,27,19,20,23,24],"class_list":{"0":"post-1759","1":"product","2":"type-product","3":"status-publish","4":"has-post-thumbnail","6":"product_cat-suknie-dzianinowe","7":"product_tag-fotografia","8":"product_tag-fotograficzna","9":"product_tag-gabriela","10":"product_tag-komplet","11":"product_tag-sesja","12":"product_tag-sukienka","13":"product_tag-sukienki","14":"product_tag-suknia","15":"product_tag-suknie","17":"first","18":"instock","19":"featured","20":"purchasable","21":"product-type-variable","22":"has-default-attributes"},"jetpack_publicize_connections":[],"jetpack_sharing_enabled":true,"jetpack_likes_enabled":true,"_links":{"self":[{"href":"https:\/\/sofilu.pl\/index.php\/wp-json\/wp\/v2\/product\/1759","targetHints":{"allow":["GET"]}}],"collection":[{"href":"https:\/\/sofilu.pl\/index.php\/wp-json\/wp\/v2\/product"}],"about":[{"href":"https:\/\/sofilu.pl\/index.php\/wp-json\/wp\/v2\/types\/product"}],"replies":[{"embeddable":true,"href":"https:\/\/sofilu.pl\/index.php\/wp-json\/wp\/v2\/comments?post=1759"}],"wp:featuredmedia":[{"embeddable":true,"href":"https:\/\/sofilu.pl\/index.php\/wp-json\/wp\/v2\/media\/1782"}],"wp:attachment":[{"href":"https:\/\/sofilu.pl\/index.php\/wp-json\/wp\/v2\/media?parent=1759"}],"wp:term":[{"taxonomy":"product_brand","embeddable":true,"href":"https:\/\/sofilu.pl\/index.php\/wp-json\/wp\/v2\/product_brand?post=1759"},{"taxonomy":"product_cat","embeddable":true,"href":"https:\/\/sofilu.pl\/index.php\/wp-json\/wp\/v2\/product_cat?post=1759"},{"taxonomy":"product_tag","embeddable":true,"href":"https:\/\/sofilu.pl\/index.php\/wp-json\/wp\/v2\/product_tag?post=1759"}],"curies":[{"name":"wp","href":"https:\/\/api.w.org\/{rel}","templated":true}]}}