{"id":1806,"date":"2025-01-16T23:24:08","date_gmt":"2025-01-16T23:24:08","guid":{"rendered":"https:\/\/sofilu.pl\/?post_type=product&#038;p=1806"},"modified":"2025-12-01T00:05:04","modified_gmt":"2025-12-01T00:05:04","slug":"suknia-hortensia","status":"publish","type":"product","link":"https:\/\/sofilu.pl\/index.php\/produkt\/suknia-hortensia\/","title":{"rendered":"Suknia HORTENSIA"},"content":{"rendered":"<h2><strong>Suknia HORTENSIA<\/strong><\/h2>\n<h4><strong>Elegancka suknia z gorsetem z ci\u0119ciami. Ca\u0142y gorset zdobiony jest koronk\u0105 wyszywana koralikami i cekinami. D\u00f3\u0142 sukni zdobiony elementami koronki. P\u0119kni\u0119cie z przodu przez ca\u0142\u0105 d\u0142ugo\u015b\u0107 . Suknia na podszewce. W zestawie odpinane zwiewne r\u0119kawki zdobione elementami z koronki. Gorset sznurowany na plecach<\/strong><\/h4>\n<h4><strong>Rozmiar uniwersalny.<\/strong><\/h4>\n<p>Projekt i wykonanie: <a href=\"https:\/\/www.facebook.com\/SofiLuProps\" target=\"_blank\" rel=\"noopener noreferrer\">Beata Charachajczuk<\/a><br \/>\nFotografia: <a href=\"https:\/\/www.facebook.com\/MagdalenaMakowskaPhotography\" target=\"_blank\" rel=\"noopener\">Magdalena Makowska<\/a><\/p>\n<p>&nbsp;<\/p>\n","protected":false},"excerpt":{"rendered":"<p><strong>Suknia HORTENSIA<\/strong><\/p>\n<p>Elegancka suknia z gorsetem z ci\u0119ciami. Ca\u0142y gorset zdobiony jest koronk\u0105 wyszywana koralikami i cekinami. D\u00f3\u0142 sukni zdobiony elementami koronki. P\u0119kni\u0119cie z przodu przez ca\u0142\u0105 d\u0142ugo\u015b\u0107 . Suknia na podszewce. W zestawie odpinane zwiewne r\u0119kawki zdobione elementami z koronki. Gorset sznurowany na plecach.<\/p>\n<p>Rozmiar uniwersalny.<\/p>\n","protected":false},"featured_media":1807,"comment_status":"open","ping_status":"closed","template":"","meta":{"jetpack_publicize_message":"","jetpack_publicize_feature_enabled":true,"jetpack_social_post_already_shared":true,"jetpack_social_options":{"image_generator_settings":{"template":"highway","default_image_id":0,"font":"","enabled":false},"version":2}},"product_brand":[],"product_cat":[75],"product_tag":[67,26,28,60,27,19,20,23,24],"class_list":{"0":"post-1806","1":"product","2":"type-product","3":"status-publish","4":"has-post-thumbnail","6":"product_cat-suknie-tiulowe","7":"product_tag-camelia","8":"product_tag-fotografia","9":"product_tag-fotograficzna","10":"product_tag-komplet","11":"product_tag-sesja","12":"product_tag-sukienka","13":"product_tag-sukienki","14":"product_tag-suknia","15":"product_tag-suknie","17":"first","18":"instock","19":"featured","20":"purchasable","21":"product-type-variable"},"jetpack_publicize_connections":[],"jetpack_sharing_enabled":true,"jetpack_likes_enabled":true,"_links":{"self":[{"href":"https:\/\/sofilu.pl\/index.php\/wp-json\/wp\/v2\/product\/1806","targetHints":{"allow":["GET"]}}],"collection":[{"href":"https:\/\/sofilu.pl\/index.php\/wp-json\/wp\/v2\/product"}],"about":[{"href":"https:\/\/sofilu.pl\/index.php\/wp-json\/wp\/v2\/types\/product"}],"replies":[{"embeddable":true,"href":"https:\/\/sofilu.pl\/index.php\/wp-json\/wp\/v2\/comments?post=1806"}],"wp:featuredmedia":[{"embeddable":true,"href":"https:\/\/sofilu.pl\/index.php\/wp-json\/wp\/v2\/media\/1807"}],"wp:attachment":[{"href":"https:\/\/sofilu.pl\/index.php\/wp-json\/wp\/v2\/media?parent=1806"}],"wp:term":[{"taxonomy":"product_brand","embeddable":true,"href":"https:\/\/sofilu.pl\/index.php\/wp-json\/wp\/v2\/product_brand?post=1806"},{"taxonomy":"product_cat","embeddable":true,"href":"https:\/\/sofilu.pl\/index.php\/wp-json\/wp\/v2\/product_cat?post=1806"},{"taxonomy":"product_tag","embeddable":true,"href":"https:\/\/sofilu.pl\/index.php\/wp-json\/wp\/v2\/product_tag?post=1806"}],"curies":[{"name":"wp","href":"https:\/\/api.w.org\/{rel}","templated":true}]}}