{"id":1811,"date":"2025-01-16T23:36:06","date_gmt":"2025-01-16T23:36:06","guid":{"rendered":"https:\/\/sofilu.pl\/?post_type=product&#038;p=1811"},"modified":"2025-12-01T00:04:47","modified_gmt":"2025-12-01T00:04:47","slug":"suknia-lolita","status":"publish","type":"product","link":"https:\/\/sofilu.pl\/index.php\/produkt\/suknia-lolita\/","title":{"rendered":"Suknia LOLITA"},"content":{"rendered":"<h2><strong>Suknia LOLITA<\/strong><\/h2>\n<h4><strong>Suknia tiulowa na gorsecie ze sztywnymi miseczkami. Drapowanie na miseczkach przechodzi w lekko opadaj\u0105cy r\u0119kawek. D\u00f3\u0142 sukni to roz\u0142o\u017cysta sp\u00f3dnica z pe\u0142nego kola wyko\u0144czona dwoma rz\u0119dami falban. Suknia na podszewce. Prz\u00f3d sp\u00f3dnicy rozci\u0119ty na ca\u0142ej d\u0142ugo\u015bci.\u00a0<\/strong><\/h4>\n<h4><strong>Rozmiar uniwersalny.<\/strong><\/h4>\n<p>Projekt i wykonanie: <a href=\"https:\/\/www.facebook.com\/SofiLuProps\" target=\"_blank\" rel=\"noopener noreferrer\">Beata Charachajczuk<\/a><br \/>\nFotografia: <a href=\"https:\/\/www.facebook.com\/MagdalenaMakowskaPhotography\" target=\"_blank\" rel=\"noopener\">Magdalena Makowska<\/a><\/p>\n<p>&nbsp;<\/p>\n","protected":false},"excerpt":{"rendered":"<p>Suknia <strong>LOLITA<\/strong><\/p>\n<p>Suknia tiulowa na gorsecie ze sztywnymi miseczkami. Drapowanie na miseczkach przechodzi w lekko opadaj\u0105cy r\u0119kawek. D\u00f3\u0142 sukni to roz\u0142o\u017cysta sp\u00f3dnica z pe\u0142nego kola wyko\u0144czona dwoma rz\u0119dami falban. Suknia na podszewce. Prz\u00f3d sp\u00f3dnicy rozci\u0119ty na ca\u0142ej d\u0142ugo\u015bci.<\/p>\n<p>Rozmiar uniwersalny.<\/p>\n","protected":false},"featured_media":1798,"comment_status":"open","ping_status":"closed","template":"","meta":{"jetpack_publicize_message":"","jetpack_publicize_feature_enabled":true,"jetpack_social_post_already_shared":true,"jetpack_social_options":{"image_generator_settings":{"template":"highway","default_image_id":0,"font":"","enabled":false},"version":2}},"product_brand":[],"product_cat":[75],"product_tag":[67,26,28,60,27,19,20,23,24],"class_list":{"0":"post-1811","1":"product","2":"type-product","3":"status-publish","4":"has-post-thumbnail","6":"product_cat-suknie-tiulowe","7":"product_tag-camelia","8":"product_tag-fotografia","9":"product_tag-fotograficzna","10":"product_tag-komplet","11":"product_tag-sesja","12":"product_tag-sukienka","13":"product_tag-sukienki","14":"product_tag-suknia","15":"product_tag-suknie","17":"first","18":"instock","19":"featured","20":"purchasable","21":"product-type-simple"},"jetpack_publicize_connections":[],"jetpack_sharing_enabled":true,"jetpack_likes_enabled":true,"_links":{"self":[{"href":"https:\/\/sofilu.pl\/index.php\/wp-json\/wp\/v2\/product\/1811","targetHints":{"allow":["GET"]}}],"collection":[{"href":"https:\/\/sofilu.pl\/index.php\/wp-json\/wp\/v2\/product"}],"about":[{"href":"https:\/\/sofilu.pl\/index.php\/wp-json\/wp\/v2\/types\/product"}],"replies":[{"embeddable":true,"href":"https:\/\/sofilu.pl\/index.php\/wp-json\/wp\/v2\/comments?post=1811"}],"wp:featuredmedia":[{"embeddable":true,"href":"https:\/\/sofilu.pl\/index.php\/wp-json\/wp\/v2\/media\/1798"}],"wp:attachment":[{"href":"https:\/\/sofilu.pl\/index.php\/wp-json\/wp\/v2\/media?parent=1811"}],"wp:term":[{"taxonomy":"product_brand","embeddable":true,"href":"https:\/\/sofilu.pl\/index.php\/wp-json\/wp\/v2\/product_brand?post=1811"},{"taxonomy":"product_cat","embeddable":true,"href":"https:\/\/sofilu.pl\/index.php\/wp-json\/wp\/v2\/product_cat?post=1811"},{"taxonomy":"product_tag","embeddable":true,"href":"https:\/\/sofilu.pl\/index.php\/wp-json\/wp\/v2\/product_tag?post=1811"}],"curies":[{"name":"wp","href":"https:\/\/api.w.org\/{rel}","templated":true}]}}