{"id":2166,"date":"2025-06-06T15:35:03","date_gmt":"2025-06-06T15:35:03","guid":{"rendered":"https:\/\/sofilu.pl\/?post_type=product&#038;p=2166"},"modified":"2026-04-03T10:57:56","modified_gmt":"2026-04-03T10:57:56","slug":"body-adela","status":"publish","type":"product","link":"https:\/\/sofilu.pl\/index.php\/produkt\/body-adela\/","title":{"rendered":"Body ADELA"},"content":{"rendered":"<h2><strong>Body ADELA<\/strong><\/h2>\n<h4><strong>Body z jerseju ze sztywnymi miseczkami. G\u00f3ra wi\u0105zana z ty\u0142u.<br \/>\n<\/strong><\/h4>\n<h4><strong>Rozmiar uniwersalny.<\/strong><\/h4>\n<p>Projekt i wykonanie: <a href=\"https:\/\/www.facebook.com\/SofiLuProps\" target=\"_blank\" rel=\"noopener noreferrer\">Beata Charachajczuk<\/a><\/p>\n","protected":false},"excerpt":{"rendered":"<p><strong>Body ADELA<\/strong><\/p>\n<p>Body z jerseju ze sztywnymi miseczkami. G\u00f3ra wi\u0105zana z ty\u0142u.<\/p>\n<p>Rozmiar uniwersalny.<\/p>\n","protected":false},"featured_media":2190,"comment_status":"open","ping_status":"closed","template":"","meta":{"jetpack_publicize_message":"","jetpack_publicize_feature_enabled":true,"jetpack_social_post_already_shared":true,"jetpack_social_options":{"image_generator_settings":{"template":"highway","default_image_id":0,"font":"","enabled":false},"version":2}},"product_brand":[],"product_cat":[68],"product_tag":[69,83,26,28,60,82,27],"class_list":{"0":"post-2166","1":"product","2":"type-product","3":"status-publish","4":"has-post-thumbnail","6":"product_cat-body","7":"product_tag-body","8":"product_tag-body-luisa","9":"product_tag-fotografia","10":"product_tag-fotograficzna","11":"product_tag-komplet","12":"product_tag-luisa","13":"product_tag-sesja","15":"first","16":"instock","17":"featured","18":"purchasable","19":"product-type-variable","20":"has-default-attributes"},"jetpack_publicize_connections":[],"jetpack_sharing_enabled":true,"jetpack_likes_enabled":true,"_links":{"self":[{"href":"https:\/\/sofilu.pl\/index.php\/wp-json\/wp\/v2\/product\/2166","targetHints":{"allow":["GET"]}}],"collection":[{"href":"https:\/\/sofilu.pl\/index.php\/wp-json\/wp\/v2\/product"}],"about":[{"href":"https:\/\/sofilu.pl\/index.php\/wp-json\/wp\/v2\/types\/product"}],"replies":[{"embeddable":true,"href":"https:\/\/sofilu.pl\/index.php\/wp-json\/wp\/v2\/comments?post=2166"}],"wp:featuredmedia":[{"embeddable":true,"href":"https:\/\/sofilu.pl\/index.php\/wp-json\/wp\/v2\/media\/2190"}],"wp:attachment":[{"href":"https:\/\/sofilu.pl\/index.php\/wp-json\/wp\/v2\/media?parent=2166"}],"wp:term":[{"taxonomy":"product_brand","embeddable":true,"href":"https:\/\/sofilu.pl\/index.php\/wp-json\/wp\/v2\/product_brand?post=2166"},{"taxonomy":"product_cat","embeddable":true,"href":"https:\/\/sofilu.pl\/index.php\/wp-json\/wp\/v2\/product_cat?post=2166"},{"taxonomy":"product_tag","embeddable":true,"href":"https:\/\/sofilu.pl\/index.php\/wp-json\/wp\/v2\/product_tag?post=2166"}],"curies":[{"name":"wp","href":"https:\/\/api.w.org\/{rel}","templated":true}]}}