{"id":2198,"date":"2025-06-30T14:44:15","date_gmt":"2025-06-30T14:44:15","guid":{"rendered":"https:\/\/sofilu.pl\/?post_type=product&#038;p=2198"},"modified":"2026-03-23T14:16:06","modified_gmt":"2026-03-23T14:16:06","slug":"zestaw-rosalie","status":"publish","type":"product","link":"https:\/\/sofilu.pl\/index.php\/produkt\/zestaw-rosalie\/","title":{"rendered":"Zestaw ROSALIE"},"content":{"rendered":"<h4><strong>Zestaw ROSALIE<\/strong><\/h4>\n<h4><strong>W zestawie znajdziesz <\/strong><\/h4>\n<h4><strong>&#8211; kwiatow\u0105 etole z organzy z odpinanymi r\u0119kawkami &#8211; <\/strong><strong>mo\u017cesz u\u017cywa\u0107 ich samodzielnie jako kwiatowy akcent stylizacji.<\/strong><\/h4>\n<h4><strong>&#8211; jerseyowe body ze sztywna miseczk\u0105<\/strong><\/h4>\n<h4><strong>&#8211; jerseyowa sp\u00f3dnica typu rybka\u00a0<\/strong><\/h4>\n<h4><strong>Zestaw dost\u0119pny na zam\u00f3wienie<\/strong><\/h4>\n","protected":false},"excerpt":{"rendered":"<p><strong>Zestaw ROSALIE<\/strong><\/p>\n<p>W zestawie znajdziesz<\/p>\n<p>&#8211; kwiatow\u0105 etole z organzy z odpinanymi r\u0119kawkami &#8211; mo\u017cesz u\u017cywa\u0107 ich samodzielnie jako kwiatowy akcent stylizacji.<\/p>\n<p>&#8211; jerseyowe body ze sztywna miseczk\u0105<\/p>\n<p>&#8211; jerseyowa sp\u00f3dnica typu rybka<\/p>\n<p>Zestaw dost\u0119pny na zam\u00f3wienie<\/p>\n","protected":false},"featured_media":2212,"comment_status":"open","ping_status":"closed","template":"","meta":{"jetpack_publicize_message":"","jetpack_publicize_feature_enabled":true,"jetpack_social_post_already_shared":true,"jetpack_social_options":{"image_generator_settings":{"template":"highway","default_image_id":0,"font":"","enabled":false},"version":2}},"product_brand":[],"product_cat":[74,107],"product_tag":[],"class_list":{"0":"post-2198","1":"product","2":"type-product","3":"status-publish","4":"has-post-thumbnail","6":"product_cat-suknie-dzianinowe","7":"product_cat-dodatki","9":"first","10":"instock","11":"purchasable","12":"product-type-variable"},"jetpack_publicize_connections":[],"jetpack_sharing_enabled":true,"jetpack_likes_enabled":true,"_links":{"self":[{"href":"https:\/\/sofilu.pl\/index.php\/wp-json\/wp\/v2\/product\/2198","targetHints":{"allow":["GET"]}}],"collection":[{"href":"https:\/\/sofilu.pl\/index.php\/wp-json\/wp\/v2\/product"}],"about":[{"href":"https:\/\/sofilu.pl\/index.php\/wp-json\/wp\/v2\/types\/product"}],"replies":[{"embeddable":true,"href":"https:\/\/sofilu.pl\/index.php\/wp-json\/wp\/v2\/comments?post=2198"}],"wp:featuredmedia":[{"embeddable":true,"href":"https:\/\/sofilu.pl\/index.php\/wp-json\/wp\/v2\/media\/2212"}],"wp:attachment":[{"href":"https:\/\/sofilu.pl\/index.php\/wp-json\/wp\/v2\/media?parent=2198"}],"wp:term":[{"taxonomy":"product_brand","embeddable":true,"href":"https:\/\/sofilu.pl\/index.php\/wp-json\/wp\/v2\/product_brand?post=2198"},{"taxonomy":"product_cat","embeddable":true,"href":"https:\/\/sofilu.pl\/index.php\/wp-json\/wp\/v2\/product_cat?post=2198"},{"taxonomy":"product_tag","embeddable":true,"href":"https:\/\/sofilu.pl\/index.php\/wp-json\/wp\/v2\/product_tag?post=2198"}],"curies":[{"name":"wp","href":"https:\/\/api.w.org\/{rel}","templated":true}]}}