{"id":2400,"date":"2025-07-31T16:33:56","date_gmt":"2025-07-31T16:33:56","guid":{"rendered":"https:\/\/sofilu.pl\/?post_type=product&#038;p=2400"},"modified":"2025-12-01T00:05:01","modified_gmt":"2025-12-01T00:05:01","slug":"suknia-holly","status":"publish","type":"product","link":"https:\/\/sofilu.pl\/index.php\/produkt\/suknia-holly\/","title":{"rendered":"Suknia Holly"},"content":{"rendered":"<h4><strong>Suknia HOLLY<\/strong><\/h4>\n<h4><strong>Sukienka w kolorze bia\u0142ego z\u0142ota z b\u0142yszcz\u0105cego materia\u0142u. G\u00f3ra z podwy\u017cszonym stanem odszyta jest podszewk\u0105, r\u0119kawek bufka na gumeczce. D\u00f3\u0142 sukienki z pe\u0142nego ko\u0142a wyko\u0144czony krynolin\u0105 i podszyty podszewk\u0105.\u00a0 Wyci\u0119te plecy z\u00a0 dopinan\u0105 ozdobn\u0105 kokard\u0105.<\/strong><\/h4>\n<h4><strong>Dost\u0119pna w r\u00f3\u017cnych rozmiarach.\u00a0<\/strong><\/h4>\n","protected":false},"excerpt":{"rendered":"<p><strong>Suknia HOLLY<\/strong><\/p>\n<p>Sukienka w kolorze bia\u0142ego z\u0142ota z b\u0142yszcz\u0105cego materia\u0142u. G\u00f3ra z podwy\u017cszonym stanem odszyta jest podszewk\u0105, r\u0119kawek bufka na gumeczce. D\u00f3\u0142 sukienki z pe\u0142nego ko\u0142a wyko\u0144czony krynolin\u0105 i podszyty podszewk\u0105.\u00a0 Wyci\u0119te plecy z\u00a0 dopinan\u0105 ozdobn\u0105 kokard\u0105.<\/p>\n<p>Dost\u0119pna w r\u00f3\u017cnych rozmiarach.<\/p>\n","protected":false},"featured_media":2451,"comment_status":"open","ping_status":"closed","template":"","meta":{"jetpack_publicize_message":"","jetpack_publicize_feature_enabled":true,"jetpack_social_post_already_shared":true,"jetpack_social_options":{"image_generator_settings":{"template":"highway","default_image_id":0,"font":"","enabled":false},"version":2}},"product_brand":[],"product_cat":[109],"product_tag":[26,28,20],"class_list":{"0":"post-2400","1":"product","2":"type-product","3":"status-publish","4":"has-post-thumbnail","6":"product_cat-x-mas","7":"product_tag-fotografia","8":"product_tag-fotograficzna","9":"product_tag-sukienki","11":"first","12":"instock","13":"purchasable","14":"product-type-variable"},"jetpack_publicize_connections":[],"jetpack_sharing_enabled":true,"jetpack_likes_enabled":true,"_links":{"self":[{"href":"https:\/\/sofilu.pl\/index.php\/wp-json\/wp\/v2\/product\/2400","targetHints":{"allow":["GET"]}}],"collection":[{"href":"https:\/\/sofilu.pl\/index.php\/wp-json\/wp\/v2\/product"}],"about":[{"href":"https:\/\/sofilu.pl\/index.php\/wp-json\/wp\/v2\/types\/product"}],"replies":[{"embeddable":true,"href":"https:\/\/sofilu.pl\/index.php\/wp-json\/wp\/v2\/comments?post=2400"}],"wp:featuredmedia":[{"embeddable":true,"href":"https:\/\/sofilu.pl\/index.php\/wp-json\/wp\/v2\/media\/2451"}],"wp:attachment":[{"href":"https:\/\/sofilu.pl\/index.php\/wp-json\/wp\/v2\/media?parent=2400"}],"wp:term":[{"taxonomy":"product_brand","embeddable":true,"href":"https:\/\/sofilu.pl\/index.php\/wp-json\/wp\/v2\/product_brand?post=2400"},{"taxonomy":"product_cat","embeddable":true,"href":"https:\/\/sofilu.pl\/index.php\/wp-json\/wp\/v2\/product_cat?post=2400"},{"taxonomy":"product_tag","embeddable":true,"href":"https:\/\/sofilu.pl\/index.php\/wp-json\/wp\/v2\/product_tag?post=2400"}],"curies":[{"name":"wp","href":"https:\/\/api.w.org\/{rel}","templated":true}]}}