{"id":2476,"date":"2025-08-03T18:24:39","date_gmt":"2025-08-03T18:24:39","guid":{"rendered":"https:\/\/sofilu.pl\/?post_type=product&#038;p=2476"},"modified":"2025-12-21T19:50:59","modified_gmt":"2025-12-21T19:50:59","slug":"suknia-merry","status":"publish","type":"product","link":"https:\/\/sofilu.pl\/index.php\/produkt\/suknia-merry\/","title":{"rendered":"Suknia Merry"},"content":{"rendered":"<h4><strong>Suknia Merry<\/strong><\/h4>\n<h4><strong>Sukienka z b\u0142yszcz\u0105cej czerwonej satyny. G\u00f3ra z podwy\u017cszonym stanem, r\u0119kawek bufka na gumeczce. D\u00f3\u0142 sukienki z pe\u0142nego ko\u0142a wyko\u0144czony krynolin\u0105 i podszyty podszewk\u0105 wyko\u0144czon\u0105 falban\u0105 z tiulu.\u00a0 Wyci\u0119te plecy z\u00a0 dopinan\u0105 ozdobn\u0105 kokard\u0105.<\/strong><\/h4>\n<h4><strong>Dost\u0119pna w r\u00f3\u017cnych rozmiarach.\u00a0<\/strong><\/h4>\n","protected":false},"excerpt":{"rendered":"<p><strong>Suknia Merry<\/strong><\/p>\n<p>Sukienka z b\u0142yszcz\u0105cej czerwonej satyny. G\u00f3ra z podwy\u017cszonym stanem, r\u0119kawek bufka na gumeczce. D\u00f3\u0142 sukienki z pe\u0142nego ko\u0142a wyko\u0144czony krynolin\u0105 i podszyty podszewk\u0105 wyko\u0144czon\u0105 falban\u0105 z tiulu.\u00a0 Wyci\u0119te plecy z\u00a0 dopinan\u0105 ozdobn\u0105 kokard\u0105.<\/p>\n<p>Dost\u0119pna w r\u00f3\u017cnych rozmiarach.<\/p>\n","protected":false},"featured_media":2484,"comment_status":"open","ping_status":"closed","template":"","meta":{"jetpack_publicize_message":"","jetpack_publicize_feature_enabled":true,"jetpack_social_post_already_shared":true,"jetpack_social_options":{"image_generator_settings":{"template":"highway","default_image_id":0,"font":"","enabled":false},"version":2}},"product_brand":[],"product_cat":[109],"product_tag":[26,28,20],"class_list":{"0":"post-2476","1":"product","2":"type-product","3":"status-publish","4":"has-post-thumbnail","6":"product_cat-x-mas","7":"product_tag-fotografia","8":"product_tag-fotograficzna","9":"product_tag-sukienki","11":"first","12":"instock","13":"purchasable","14":"product-type-variable"},"jetpack_publicize_connections":[],"jetpack_sharing_enabled":true,"jetpack_likes_enabled":true,"_links":{"self":[{"href":"https:\/\/sofilu.pl\/index.php\/wp-json\/wp\/v2\/product\/2476","targetHints":{"allow":["GET"]}}],"collection":[{"href":"https:\/\/sofilu.pl\/index.php\/wp-json\/wp\/v2\/product"}],"about":[{"href":"https:\/\/sofilu.pl\/index.php\/wp-json\/wp\/v2\/types\/product"}],"replies":[{"embeddable":true,"href":"https:\/\/sofilu.pl\/index.php\/wp-json\/wp\/v2\/comments?post=2476"}],"wp:featuredmedia":[{"embeddable":true,"href":"https:\/\/sofilu.pl\/index.php\/wp-json\/wp\/v2\/media\/2484"}],"wp:attachment":[{"href":"https:\/\/sofilu.pl\/index.php\/wp-json\/wp\/v2\/media?parent=2476"}],"wp:term":[{"taxonomy":"product_brand","embeddable":true,"href":"https:\/\/sofilu.pl\/index.php\/wp-json\/wp\/v2\/product_brand?post=2476"},{"taxonomy":"product_cat","embeddable":true,"href":"https:\/\/sofilu.pl\/index.php\/wp-json\/wp\/v2\/product_cat?post=2476"},{"taxonomy":"product_tag","embeddable":true,"href":"https:\/\/sofilu.pl\/index.php\/wp-json\/wp\/v2\/product_tag?post=2476"}],"curies":[{"name":"wp","href":"https:\/\/api.w.org\/{rel}","templated":true}]}}