{"id":2513,"date":"2025-08-10T19:49:53","date_gmt":"2025-08-10T19:49:53","guid":{"rendered":"https:\/\/sofilu.pl\/?post_type=product&#038;p=2513"},"modified":"2025-12-01T00:05:00","modified_gmt":"2025-12-01T00:05:00","slug":"zestaw-lumi","status":"publish","type":"product","link":"https:\/\/sofilu.pl\/index.php\/produkt\/zestaw-lumi\/","title":{"rendered":"Zestaw LUMI"},"content":{"rendered":"<h4><strong>Zestaw Lumi<\/strong><\/h4>\n<h4><strong>Zestaw sukienek mama z 6 c\u00f3rkami.\u00a0<\/strong><\/h4>\n<h4><b>W sk\u0142ad zestawu wchodzi suknia dla mamy cekinowa g\u00f3ra z dekoltem w liter\u0119 V, d\u00f3\u0142 sukni tiulowy z rozporkiem na nog\u0119. Suknia w rozmiarze 36-42<\/b><\/h4>\n<h4><strong>sukieneczki dla dziewczynek w rozmiarach 1\/2 latka, 2\/4 lata, 4\/6 lat, 6-8 lat, 8\/10 lat, 10\/12 lat<\/strong><\/h4>\n<h4><strong>Sukienki dost\u0119pne na zam\u00f3wienie<\/strong><\/h4>\n","protected":false},"excerpt":{"rendered":"<p><strong>Zestaw LUMI<\/strong><\/p>\n<p>Zestaw sukienek mama z 6 c\u00f3rkami.<\/p>\n<p>W sk\u0142ad zestawu wchodzi suknia dla mamy cekinowa g\u00f3ra z dekoltem w liter\u0119 V, d\u00f3\u0142 sukni tiulowy z rozporkiem na nog\u0119. Suknia w rozmiarze 36-42<\/p>\n<p>sukieneczki dla dziewczynek w rozmiarach 1\/2 latka, 2\/4 lata, 4\/6 lat, 6-8 lat, 8\/10 lat, 10\/12 lat<\/p>\n<p>Sukienki dost\u0119pne na zam\u00f3wienie<\/p>\n","protected":false},"featured_media":2512,"comment_status":"open","ping_status":"closed","template":"","meta":{"jetpack_publicize_message":"","jetpack_publicize_feature_enabled":true,"jetpack_social_post_already_shared":true,"jetpack_social_options":{"image_generator_settings":{"template":"highway","default_image_id":0,"font":"","enabled":false},"version":2}},"product_brand":[],"product_cat":[109],"product_tag":[26,28,20],"class_list":{"0":"post-2513","1":"product","2":"type-product","3":"status-publish","4":"has-post-thumbnail","6":"product_cat-x-mas","7":"product_tag-fotografia","8":"product_tag-fotograficzna","9":"product_tag-sukienki","11":"first","12":"instock","13":"purchasable","14":"product-type-variable"},"jetpack_publicize_connections":[],"jetpack_sharing_enabled":true,"jetpack_likes_enabled":true,"_links":{"self":[{"href":"https:\/\/sofilu.pl\/index.php\/wp-json\/wp\/v2\/product\/2513","targetHints":{"allow":["GET"]}}],"collection":[{"href":"https:\/\/sofilu.pl\/index.php\/wp-json\/wp\/v2\/product"}],"about":[{"href":"https:\/\/sofilu.pl\/index.php\/wp-json\/wp\/v2\/types\/product"}],"replies":[{"embeddable":true,"href":"https:\/\/sofilu.pl\/index.php\/wp-json\/wp\/v2\/comments?post=2513"}],"wp:featuredmedia":[{"embeddable":true,"href":"https:\/\/sofilu.pl\/index.php\/wp-json\/wp\/v2\/media\/2512"}],"wp:attachment":[{"href":"https:\/\/sofilu.pl\/index.php\/wp-json\/wp\/v2\/media?parent=2513"}],"wp:term":[{"taxonomy":"product_brand","embeddable":true,"href":"https:\/\/sofilu.pl\/index.php\/wp-json\/wp\/v2\/product_brand?post=2513"},{"taxonomy":"product_cat","embeddable":true,"href":"https:\/\/sofilu.pl\/index.php\/wp-json\/wp\/v2\/product_cat?post=2513"},{"taxonomy":"product_tag","embeddable":true,"href":"https:\/\/sofilu.pl\/index.php\/wp-json\/wp\/v2\/product_tag?post=2513"}],"curies":[{"name":"wp","href":"https:\/\/api.w.org\/{rel}","templated":true}]}}