{"id":2607,"date":"2025-11-04T19:42:30","date_gmt":"2025-11-04T19:42:30","guid":{"rendered":"https:\/\/sofilu.pl\/?post_type=product&#038;p=2607"},"modified":"2026-03-12T20:29:17","modified_gmt":"2026-03-12T20:29:17","slug":"peniuar-serafina","status":"publish","type":"product","link":"https:\/\/sofilu.pl\/index.php\/produkt\/peniuar-serafina\/","title":{"rendered":"Peniuar SERAFINA"},"content":{"rendered":"<h2><strong>Peniuar Serafina<\/strong><\/h2>\n<h4><strong>Peniuar w stylu Glamour wykonany z delikatnego, wysokogatunkowego tiulu. Ozdobiony r\u0119cznie robionymi kwiatami z organzy na r\u0119kawach i w dolnej cz\u0119\u015bci kreacji. Lekki, romantyczny i pe\u0142en obj\u0119to\u015bci.\u00a0<\/strong><\/h4>\n<p>Projekt i wykonanie: <a href=\"https:\/\/www.facebook.com\/SofiLuProps\" target=\"_blank\" rel=\"noopener noreferrer\">Beata Charachajczuk<\/a><br \/>\nFotografia: <a href=\"https:\/\/www.facebook.com\/profile.php?id=100060316217453\" target=\"_blank\" rel=\"noopener\">Catch the Moment<\/a><\/p>\n","protected":false},"excerpt":{"rendered":"<h4><strong>Peniuar Serafina<\/strong><\/h4>\n<p>Peniuar w stylu Glamour wykonany z delikatnego, wysokogatunkowego tiulu. Ozdobiony r\u0119cznie robionymi kwiatami z organzy na r\u0119kawach i w dolnej cz\u0119\u015bci kreacji. Lekki, romantyczny i pe\u0142en obj\u0119to\u015bci.<\/p>\n","protected":false},"featured_media":2609,"comment_status":"open","ping_status":"closed","template":"","meta":{"jetpack_publicize_message":"","jetpack_publicize_feature_enabled":true,"jetpack_social_post_already_shared":true,"jetpack_social_options":{"image_generator_settings":{"template":"highway","default_image_id":0,"font":"","enabled":false},"version":2}},"product_brand":[],"product_cat":[110,75],"product_tag":[26,28,27,98,19,103],"class_list":{"0":"post-2607","1":"product","2":"type-product","3":"status-publish","4":"has-post-thumbnail","6":"product_cat-nowosci","7":"product_cat-suknie-tiulowe","8":"product_tag-fotografia","9":"product_tag-fotograficzna","10":"product_tag-sesja","11":"product_tag-sofilu","12":"product_tag-sukienka","13":"product_tag-suknia-juanita","15":"first","16":"instock","17":"purchasable","18":"product-type-variable"},"jetpack_publicize_connections":[],"jetpack_sharing_enabled":true,"jetpack_likes_enabled":true,"_links":{"self":[{"href":"https:\/\/sofilu.pl\/index.php\/wp-json\/wp\/v2\/product\/2607","targetHints":{"allow":["GET"]}}],"collection":[{"href":"https:\/\/sofilu.pl\/index.php\/wp-json\/wp\/v2\/product"}],"about":[{"href":"https:\/\/sofilu.pl\/index.php\/wp-json\/wp\/v2\/types\/product"}],"replies":[{"embeddable":true,"href":"https:\/\/sofilu.pl\/index.php\/wp-json\/wp\/v2\/comments?post=2607"}],"wp:featuredmedia":[{"embeddable":true,"href":"https:\/\/sofilu.pl\/index.php\/wp-json\/wp\/v2\/media\/2609"}],"wp:attachment":[{"href":"https:\/\/sofilu.pl\/index.php\/wp-json\/wp\/v2\/media?parent=2607"}],"wp:term":[{"taxonomy":"product_brand","embeddable":true,"href":"https:\/\/sofilu.pl\/index.php\/wp-json\/wp\/v2\/product_brand?post=2607"},{"taxonomy":"product_cat","embeddable":true,"href":"https:\/\/sofilu.pl\/index.php\/wp-json\/wp\/v2\/product_cat?post=2607"},{"taxonomy":"product_tag","embeddable":true,"href":"https:\/\/sofilu.pl\/index.php\/wp-json\/wp\/v2\/product_tag?post=2607"}],"curies":[{"name":"wp","href":"https:\/\/api.w.org\/{rel}","templated":true}]}}