{"id":2656,"date":"2025-11-11T18:59:18","date_gmt":"2025-11-11T18:59:18","guid":{"rendered":"https:\/\/sofilu.pl\/?post_type=product&#038;p=2656"},"modified":"2026-04-23T06:58:22","modified_gmt":"2026-04-23T06:58:22","slug":"suknia-estrella-gotowa-do-wysylki","status":"publish","type":"product","link":"https:\/\/sofilu.pl\/index.php\/produkt\/suknia-estrella-gotowa-do-wysylki\/","title":{"rendered":"Suknia ESTRELLA gotowa do wysy\u0142ki"},"content":{"rendered":"<h2><strong>Suknia ESTRELLA<\/strong><\/h2>\n<h4><strong>Bogato zdobiona strz\u0119piastymi falbanami tiulowa suknia gorsetowa. G\u00f3ra sukni to gorset z ci\u0119ciami.\u00a0 D\u00f3\u0142 sukni jest rozci\u0119ty na ca\u0142ej d\u0142ugo\u015bci. W zestawie kwiatowa ozdoba oraz zdobiony r\u0119kawek przypinane do gorsetu.\u00a0\u00a0<\/strong><\/h4>\n<p>Projekt i wykonanie: <a href=\"https:\/\/www.facebook.com\/SofiLuProps\" target=\"_blank\" rel=\"noopener noreferrer\">Beata Charachajczuk<\/a><br \/>\nFotografia: <a href=\"https:\/\/www.facebook.com\/mariebellefotografia\" target=\"_blank\" rel=\"noopener\">Mariebelle Fotografia<\/a><\/p>\n","protected":false},"excerpt":{"rendered":"<p><strong>Suknia ESTRELLA<\/strong><\/p>\n<p>Bogato zdobiona strz\u0119piastymi falbanami tiulowa suknia gorsetowa. G\u00f3ra sukni to gorset z ci\u0119ciami.\u00a0 D\u00f3\u0142 sukni jest rozci\u0119ty na ca\u0142ej d\u0142ugo\u015bci. W zestawie kwiatowa ozdoba oraz zdobiony r\u0119kawek przypinane do gorsetu.<\/p>\n","protected":false},"featured_media":1657,"comment_status":"open","ping_status":"closed","template":"","meta":{"jetpack_publicize_message":"","jetpack_publicize_feature_enabled":true,"jetpack_social_post_already_shared":true,"jetpack_social_options":{"image_generator_settings":{"template":"highway","default_image_id":0,"font":"","enabled":false},"version":2}},"product_brand":[],"product_cat":[104],"product_tag":[26,28,27,98,19,103],"class_list":{"0":"post-2656","1":"product","2":"type-product","3":"status-publish","4":"has-post-thumbnail","6":"product_cat-suknie-gotowe-do-wysylki","7":"product_tag-fotografia","8":"product_tag-fotograficzna","9":"product_tag-sesja","10":"product_tag-sofilu","11":"product_tag-sukienka","12":"product_tag-suknia-juanita","14":"first","15":"outofstock","16":"sale","17":"purchasable","18":"product-type-variable"},"jetpack_publicize_connections":[],"jetpack_sharing_enabled":true,"jetpack_likes_enabled":true,"_links":{"self":[{"href":"https:\/\/sofilu.pl\/index.php\/wp-json\/wp\/v2\/product\/2656","targetHints":{"allow":["GET"]}}],"collection":[{"href":"https:\/\/sofilu.pl\/index.php\/wp-json\/wp\/v2\/product"}],"about":[{"href":"https:\/\/sofilu.pl\/index.php\/wp-json\/wp\/v2\/types\/product"}],"replies":[{"embeddable":true,"href":"https:\/\/sofilu.pl\/index.php\/wp-json\/wp\/v2\/comments?post=2656"}],"wp:featuredmedia":[{"embeddable":true,"href":"https:\/\/sofilu.pl\/index.php\/wp-json\/wp\/v2\/media\/1657"}],"wp:attachment":[{"href":"https:\/\/sofilu.pl\/index.php\/wp-json\/wp\/v2\/media?parent=2656"}],"wp:term":[{"taxonomy":"product_brand","embeddable":true,"href":"https:\/\/sofilu.pl\/index.php\/wp-json\/wp\/v2\/product_brand?post=2656"},{"taxonomy":"product_cat","embeddable":true,"href":"https:\/\/sofilu.pl\/index.php\/wp-json\/wp\/v2\/product_cat?post=2656"},{"taxonomy":"product_tag","embeddable":true,"href":"https:\/\/sofilu.pl\/index.php\/wp-json\/wp\/v2\/product_tag?post=2656"}],"curies":[{"name":"wp","href":"https:\/\/api.w.org\/{rel}","templated":true}]}}