{"id":2709,"date":"2025-11-16T17:20:35","date_gmt":"2025-11-16T17:20:35","guid":{"rendered":"https:\/\/sofilu.pl\/?post_type=product&#038;p=2709"},"modified":"2025-12-15T20:53:19","modified_gmt":"2025-12-15T20:53:19","slug":"body-lumina-gotowe-do-wysylki","status":"publish","type":"product","link":"https:\/\/sofilu.pl\/index.php\/produkt\/body-lumina-gotowe-do-wysylki\/","title":{"rendered":"Body LUMINA gotowe do wysy\u0142ki"},"content":{"rendered":"<h2><strong>Body LUMINA<br \/>\n<\/strong><\/h2>\n<h4><b>Body z mocno rozci\u0105gliwej siatki wyszywanej cekinami z <\/b><span style=\"font-size: 22.652px;\"><b>g\u0142\u0119bokim<\/b><\/span><b> \u00a0dekoltem i zwiewnym r\u0119kawkiem.<\/b><\/h4>\n<p>Projekt i wykonanie: <a href=\"https:\/\/www.facebook.com\/SofiLuProps\" target=\"_blank\" rel=\"noopener noreferrer\">Beata Charachajczuk<\/a><\/p>\n<p>Fotografia: <a href=\"https:\/\/www.facebook.com\/ilona.litwin.fotografia\" target=\"_blank\" rel=\"noopener\">Ilona Litwin Fotografia<\/a><\/p>\n","protected":false},"excerpt":{"rendered":"<h4><strong>Body LUMINA<br \/>\n<\/strong><\/h4>\n<p>Body z mocno rozci\u0105gliwej siatki wyszywanej cekinami z g\u0142\u0119bokim\u00a0 dekoltem i zwiewnym r\u0119kawkiem.<\/p>\n<p>&nbsp;<\/p>\n","protected":false},"featured_media":1142,"comment_status":"open","ping_status":"closed","template":"","meta":{"jetpack_publicize_message":"","jetpack_publicize_feature_enabled":true,"jetpack_social_post_already_shared":true,"jetpack_social_options":{"image_generator_settings":{"template":"highway","default_image_id":0,"font":"","enabled":false},"version":2}},"product_brand":[],"product_cat":[104],"product_tag":[69,26,28,60,27],"class_list":{"0":"post-2709","1":"product","2":"type-product","3":"status-publish","4":"has-post-thumbnail","6":"product_cat-suknie-gotowe-do-wysylki","7":"product_tag-body","8":"product_tag-fotografia","9":"product_tag-fotograficzna","10":"product_tag-komplet","11":"product_tag-sesja","13":"first","14":"instock","15":"sale","16":"featured","17":"purchasable","18":"product-type-variable"},"jetpack_publicize_connections":[],"jetpack_sharing_enabled":true,"jetpack_likes_enabled":true,"_links":{"self":[{"href":"https:\/\/sofilu.pl\/index.php\/wp-json\/wp\/v2\/product\/2709","targetHints":{"allow":["GET"]}}],"collection":[{"href":"https:\/\/sofilu.pl\/index.php\/wp-json\/wp\/v2\/product"}],"about":[{"href":"https:\/\/sofilu.pl\/index.php\/wp-json\/wp\/v2\/types\/product"}],"replies":[{"embeddable":true,"href":"https:\/\/sofilu.pl\/index.php\/wp-json\/wp\/v2\/comments?post=2709"}],"wp:featuredmedia":[{"embeddable":true,"href":"https:\/\/sofilu.pl\/index.php\/wp-json\/wp\/v2\/media\/1142"}],"wp:attachment":[{"href":"https:\/\/sofilu.pl\/index.php\/wp-json\/wp\/v2\/media?parent=2709"}],"wp:term":[{"taxonomy":"product_brand","embeddable":true,"href":"https:\/\/sofilu.pl\/index.php\/wp-json\/wp\/v2\/product_brand?post=2709"},{"taxonomy":"product_cat","embeddable":true,"href":"https:\/\/sofilu.pl\/index.php\/wp-json\/wp\/v2\/product_cat?post=2709"},{"taxonomy":"product_tag","embeddable":true,"href":"https:\/\/sofilu.pl\/index.php\/wp-json\/wp\/v2\/product_tag?post=2709"}],"curies":[{"name":"wp","href":"https:\/\/api.w.org\/{rel}","templated":true}]}}