{"id":2808,"date":"2025-12-07T20:14:00","date_gmt":"2025-12-07T20:14:00","guid":{"rendered":"https:\/\/sofilu.pl\/?post_type=product&#038;p=2808"},"modified":"2026-03-12T20:28:38","modified_gmt":"2026-03-12T20:28:38","slug":"suknia-aurelia","status":"publish","type":"product","link":"https:\/\/sofilu.pl\/index.php\/produkt\/suknia-aurelia\/","title":{"rendered":"Suknia AURELIA"},"content":{"rendered":"<h2><strong>Suknia Aurelia<\/strong><\/h2>\n<h4><strong>Niezwykle kobieca, zwiewna suknia z szyfonu z kr\u00f3tkim gorsetem. Gorset posiada regulacj\u0119 w postaci wi\u0105zania i delikatny opadaj\u0105cy r\u0119kawek . D\u00f3\u0142 sukni to pe\u0142ne ko\u0142o z rozci\u0119ciem na ca\u0142ej d\u0142ugo\u015bci przodu. ty\u0142 lekko wyci\u0105gni\u0119ty w tren.\u00a0 Suknia idealna do sesji studyjnych.<br \/>\n<\/strong><\/h4>\n<h4><strong>Rozmiar uniwersalny<\/strong><\/h4>\n<p>Projekt i wykonanie: <a href=\"https:\/\/www.facebook.com\/SofiLuProps\" target=\"_blank\" rel=\"noopener noreferrer\">Beata Charachajczuk<\/a><\/p>\n","protected":false},"excerpt":{"rendered":"<p><strong>Suknia Aurelia<\/strong><\/p>\n<p>Niezwykle kobieca, zwiewna suknia z szyfonu z kr\u00f3tkim gorsetem. Gorset posiada regulacj\u0119 w postaci wi\u0105zania i delikatny opadaj\u0105cy r\u0119kawek . D\u00f3\u0142 sukni to pe\u0142ne ko\u0142o z rozci\u0119ciem na ca\u0142ej d\u0142ugo\u015bci przodu. ty\u0142 lekko wyci\u0105gni\u0119ty w tren.\u00a0 Suknia idealna do sesji studyjnych.<\/p>\n<p>Rozmiar uniwersalny<\/p>\n","protected":false},"featured_media":2807,"comment_status":"open","ping_status":"closed","template":"","meta":{"jetpack_publicize_message":"","jetpack_publicize_feature_enabled":true,"jetpack_social_post_already_shared":true,"jetpack_social_options":{"image_generator_settings":{"template":"highway","default_image_id":0,"font":"","enabled":false},"version":2}},"product_brand":[],"product_cat":[110,105],"product_tag":[26,28,27,98,19],"class_list":{"0":"post-2808","1":"product","2":"type-product","3":"status-publish","4":"has-post-thumbnail","6":"product_cat-nowosci","7":"product_cat-suknie-szyfonowe","8":"product_tag-fotografia","9":"product_tag-fotograficzna","10":"product_tag-sesja","11":"product_tag-sofilu","12":"product_tag-sukienka","14":"first","15":"instock","16":"purchasable","17":"product-type-simple"},"jetpack_publicize_connections":[],"jetpack_sharing_enabled":true,"jetpack_likes_enabled":true,"_links":{"self":[{"href":"https:\/\/sofilu.pl\/index.php\/wp-json\/wp\/v2\/product\/2808","targetHints":{"allow":["GET"]}}],"collection":[{"href":"https:\/\/sofilu.pl\/index.php\/wp-json\/wp\/v2\/product"}],"about":[{"href":"https:\/\/sofilu.pl\/index.php\/wp-json\/wp\/v2\/types\/product"}],"replies":[{"embeddable":true,"href":"https:\/\/sofilu.pl\/index.php\/wp-json\/wp\/v2\/comments?post=2808"}],"wp:featuredmedia":[{"embeddable":true,"href":"https:\/\/sofilu.pl\/index.php\/wp-json\/wp\/v2\/media\/2807"}],"wp:attachment":[{"href":"https:\/\/sofilu.pl\/index.php\/wp-json\/wp\/v2\/media?parent=2808"}],"wp:term":[{"taxonomy":"product_brand","embeddable":true,"href":"https:\/\/sofilu.pl\/index.php\/wp-json\/wp\/v2\/product_brand?post=2808"},{"taxonomy":"product_cat","embeddable":true,"href":"https:\/\/sofilu.pl\/index.php\/wp-json\/wp\/v2\/product_cat?post=2808"},{"taxonomy":"product_tag","embeddable":true,"href":"https:\/\/sofilu.pl\/index.php\/wp-json\/wp\/v2\/product_tag?post=2808"}],"curies":[{"name":"wp","href":"https:\/\/api.w.org\/{rel}","templated":true}]}}