{"id":3108,"date":"2026-05-10T19:37:58","date_gmt":"2026-05-10T19:37:58","guid":{"rendered":"https:\/\/sofilu.pl\/?post_type=product&#038;p=3108"},"modified":"2026-05-10T19:40:06","modified_gmt":"2026-05-10T19:40:06","slug":"suknia-bianca-gotowa-do-wysylki","status":"publish","type":"product","link":"https:\/\/sofilu.pl\/index.php\/produkt\/suknia-bianca-gotowa-do-wysylki\/","title":{"rendered":"Suknia BIANCA gotowa do wysy\u0142ki"},"content":{"rendered":"<h2><strong>Suknia BIANCA<\/strong><\/h2>\n<h4><strong>Elegancka i niezwykle delikatna suknia z tkaniny satynowej op\u0142ywaj\u0105cej sylwetk\u0119. Z ty\u0142u w st\u00f3jk\u0119 wszyte dwa osobne d\u0142u\u017csze kawa\u0142ki materia\u0142u pozwalaj\u0105ce na r\u00f3\u017cne stylizacje. Po boku rozporki po obydwu stronach.<br \/>\n<\/strong><\/h4>\n<h4><strong>Rozmiar uniwersalny<\/strong><\/h4>\n<p>fotografia: <a href=\"https:\/\/www.facebook.com\/MagdalenaMakowskaPhotography\" target=\"_blank\" rel=\"noopener\">Magdalena Makowska<\/a><\/p>\n<p>Projekt i wykonanie: <a href=\"https:\/\/www.facebook.com\/SofiLuProps\" target=\"_blank\" rel=\"noopener noreferrer\">Beata Charachajczuk<\/a><\/p>\n","protected":false},"excerpt":{"rendered":"<p><strong>Suknia BIANCA<\/strong><\/p>\n<p>Elegancka i niezwykle delikatna suknia z tkaniny satynowej op\u0142ywaj\u0105cej sylwetk\u0119. Z ty\u0142u w st\u00f3jk\u0119 wszyte dwa osobne d\u0142u\u017csze kawa\u0142ki materia\u0142u pozwalaj\u0105ce na r\u00f3\u017cne stylizacje. Po boku rozporki po obydwu stronach.<\/p>\n<p>Rozmiar uniwersalny<\/p>\n","protected":false},"featured_media":2967,"comment_status":"open","ping_status":"closed","template":"","meta":{"jetpack_publicize_message":"","jetpack_publicize_feature_enabled":true,"jetpack_social_post_already_shared":true,"jetpack_social_options":{"image_generator_settings":{"template":"highway","default_image_id":0,"font":"","enabled":false},"version":2}},"product_brand":[],"product_cat":[104],"product_tag":[26,28,27,98,19],"class_list":{"0":"post-3108","1":"product","2":"type-product","3":"status-publish","4":"has-post-thumbnail","6":"product_cat-suknie-gotowe-do-wysylki","7":"product_tag-fotografia","8":"product_tag-fotograficzna","9":"product_tag-sesja","10":"product_tag-sofilu","11":"product_tag-sukienka","13":"first","14":"instock","15":"purchasable","16":"product-type-variable"},"jetpack_publicize_connections":[],"jetpack_sharing_enabled":true,"jetpack_likes_enabled":true,"_links":{"self":[{"href":"https:\/\/sofilu.pl\/index.php\/wp-json\/wp\/v2\/product\/3108","targetHints":{"allow":["GET"]}}],"collection":[{"href":"https:\/\/sofilu.pl\/index.php\/wp-json\/wp\/v2\/product"}],"about":[{"href":"https:\/\/sofilu.pl\/index.php\/wp-json\/wp\/v2\/types\/product"}],"replies":[{"embeddable":true,"href":"https:\/\/sofilu.pl\/index.php\/wp-json\/wp\/v2\/comments?post=3108"}],"wp:featuredmedia":[{"embeddable":true,"href":"https:\/\/sofilu.pl\/index.php\/wp-json\/wp\/v2\/media\/2967"}],"wp:attachment":[{"href":"https:\/\/sofilu.pl\/index.php\/wp-json\/wp\/v2\/media?parent=3108"}],"wp:term":[{"taxonomy":"product_brand","embeddable":true,"href":"https:\/\/sofilu.pl\/index.php\/wp-json\/wp\/v2\/product_brand?post=3108"},{"taxonomy":"product_cat","embeddable":true,"href":"https:\/\/sofilu.pl\/index.php\/wp-json\/wp\/v2\/product_cat?post=3108"},{"taxonomy":"product_tag","embeddable":true,"href":"https:\/\/sofilu.pl\/index.php\/wp-json\/wp\/v2\/product_tag?post=3108"}],"curies":[{"name":"wp","href":"https:\/\/api.w.org\/{rel}","templated":true}]}}