{"id":3113,"date":"2026-05-10T19:43:37","date_gmt":"2026-05-10T19:43:37","guid":{"rendered":"https:\/\/sofilu.pl\/?post_type=product&#038;p=3113"},"modified":"2026-05-10T19:54:25","modified_gmt":"2026-05-10T19:54:25","slug":"suknia-roja-gotowa-do-wysylki","status":"publish","type":"product","link":"https:\/\/sofilu.pl\/index.php\/produkt\/suknia-roja-gotowa-do-wysylki\/","title":{"rendered":"Suknia ROJA gotowa do wysy\u0142ki"},"content":{"rendered":"<h2><strong>Suknia ROJA<\/strong><\/h2>\n<h4><strong>Zmys\u0142owa suknia wykonana z elastycznego jerseyu.\u00a0 R\u0119kaw z rozci\u0119ciem, ty\u0142 ods\u0142oni\u0119te plecy. Ty\u0142 sukni delikatnie wyd\u0142u\u017cony w lekki tren.<\/strong><\/h4>\n<h4><strong>Rozmiar uniwersalny.<\/strong><\/h4>\n<p>Projekt i wykonanie: <a href=\"https:\/\/www.facebook.com\/Beata-Charachajczuk-Pracownia-Krawiecka-867708973347916\" target=\"_blank\" rel=\"noopener noreferrer\">Beata Charachajczuk<\/a><br \/>\nFotografia:<a href=\"https:\/\/www.facebook.com\/MagdalenaMakowskaPhotography\">Magdalena Makowska<\/a><\/p>\n","protected":false},"excerpt":{"rendered":"<p><strong>Suknia ROJA<\/strong><\/p>\n<p>Zmys\u0142owa suknia wykonana z elastycznego jerseyu.\u00a0 R\u0119kaw z rozci\u0119ciem, ty\u0142 ods\u0142oni\u0119te plecy. Ty\u0142 sukni delikatnie wyd\u0142u\u017cony w lekki tren.<\/p>\n<p>Rozmiar uniwersalny.<\/p>\n<p>&nbsp;<\/p>\n<p>&nbsp;<\/p>\n","protected":false},"featured_media":2903,"comment_status":"open","ping_status":"closed","template":"","meta":{"jetpack_publicize_message":"","jetpack_publicize_feature_enabled":true,"jetpack_social_post_already_shared":true,"jetpack_social_options":{"image_generator_settings":{"template":"highway","default_image_id":0,"font":"","enabled":false},"version":2}},"product_brand":[],"product_cat":[104],"product_tag":[26,28,60,27,19,20,23,24],"class_list":{"0":"post-3113","1":"product","2":"type-product","3":"status-publish","4":"has-post-thumbnail","6":"product_cat-suknie-gotowe-do-wysylki","7":"product_tag-fotografia","8":"product_tag-fotograficzna","9":"product_tag-komplet","10":"product_tag-sesja","11":"product_tag-sukienka","12":"product_tag-sukienki","13":"product_tag-suknia","14":"product_tag-suknie","16":"first","17":"instock","18":"featured","19":"purchasable","20":"product-type-variable","21":"has-default-attributes"},"jetpack_publicize_connections":[],"jetpack_sharing_enabled":true,"jetpack_likes_enabled":true,"_links":{"self":[{"href":"https:\/\/sofilu.pl\/index.php\/wp-json\/wp\/v2\/product\/3113","targetHints":{"allow":["GET"]}}],"collection":[{"href":"https:\/\/sofilu.pl\/index.php\/wp-json\/wp\/v2\/product"}],"about":[{"href":"https:\/\/sofilu.pl\/index.php\/wp-json\/wp\/v2\/types\/product"}],"replies":[{"embeddable":true,"href":"https:\/\/sofilu.pl\/index.php\/wp-json\/wp\/v2\/comments?post=3113"}],"wp:featuredmedia":[{"embeddable":true,"href":"https:\/\/sofilu.pl\/index.php\/wp-json\/wp\/v2\/media\/2903"}],"wp:attachment":[{"href":"https:\/\/sofilu.pl\/index.php\/wp-json\/wp\/v2\/media?parent=3113"}],"wp:term":[{"taxonomy":"product_brand","embeddable":true,"href":"https:\/\/sofilu.pl\/index.php\/wp-json\/wp\/v2\/product_brand?post=3113"},{"taxonomy":"product_cat","embeddable":true,"href":"https:\/\/sofilu.pl\/index.php\/wp-json\/wp\/v2\/product_cat?post=3113"},{"taxonomy":"product_tag","embeddable":true,"href":"https:\/\/sofilu.pl\/index.php\/wp-json\/wp\/v2\/product_tag?post=3113"}],"curies":[{"name":"wp","href":"https:\/\/api.w.org\/{rel}","templated":true}]}}