{"id":3136,"date":"2026-05-10T19:55:56","date_gmt":"2026-05-10T19:55:56","guid":{"rendered":"https:\/\/sofilu.pl\/?post_type=product&#038;p=3136"},"modified":"2026-05-10T20:06:25","modified_gmt":"2026-05-10T20:06:25","slug":"suknia-lucia-gotowa-do-wysylki","status":"publish","type":"product","link":"https:\/\/sofilu.pl\/index.php\/produkt\/suknia-lucia-gotowa-do-wysylki\/","title":{"rendered":"Suknia LUCIA gotowa do wysy\u0142ki"},"content":{"rendered":"<h2><strong>Suknia LUCIA<\/strong><\/h2>\n<h4><strong>Suknia tiulowa na koronkowym gorsecie ze sztywnymi miseczkami,\u00a0 z opadaj\u0105cym tiulowo &#8211; koronkowym r\u0119kawkiem. D\u00f3\u0142 sukni to roz\u0142o\u017cysta sp\u00f3dnica z pe\u0142nego ko\u0142a z kilku warstw tiulu. Suknia na podszewce. Prz\u00f3d sp\u00f3dnicy rozci\u0119ty na ca\u0142ej d\u0142ugo\u015bci.\u00a0<\/strong><\/h4>\n<h4><strong>Rozmiar uniwersalny.<\/strong><\/h4>\n<p>Projekt i wykonanie: <a href=\"https:\/\/www.facebook.com\/SofiLuProps\" target=\"_blank\" rel=\"noopener noreferrer\">Beata Charachajczuk<\/a><\/p>\n<p>&nbsp;<\/p>\n","protected":false},"excerpt":{"rendered":"<p><strong>Suknia LUCIA<\/strong><\/p>\n<p>Suknia tiulowa na koronkowym gorsecie ze sztywnymi miseczkami z opadaj\u0105cym tiulowo &#8211; koronkowym r\u0119kawkiem. D\u00f3\u0142 sukni to roz\u0142o\u017cysta sp\u00f3dnica z pe\u0142nego ko\u0142a z kilku warstw tiulu. Suknia na podszewce. Prz\u00f3d sp\u00f3dnicy rozci\u0119ty na ca\u0142ej d\u0142ugo\u015bci.<\/p>\n<p>Rozmiar uniwersalny.<\/p>\n","protected":false},"featured_media":3138,"comment_status":"open","ping_status":"closed","template":"","meta":{"jetpack_publicize_message":"","jetpack_publicize_feature_enabled":true,"jetpack_social_post_already_shared":true,"jetpack_social_options":{"image_generator_settings":{"template":"highway","default_image_id":0,"font":"","enabled":false},"version":2}},"product_brand":[],"product_cat":[104],"product_tag":[67,26,28,60,27,19,20,23,24],"class_list":{"0":"post-3136","1":"product","2":"type-product","3":"status-publish","4":"has-post-thumbnail","6":"product_cat-suknie-gotowe-do-wysylki","7":"product_tag-camelia","8":"product_tag-fotografia","9":"product_tag-fotograficzna","10":"product_tag-komplet","11":"product_tag-sesja","12":"product_tag-sukienka","13":"product_tag-sukienki","14":"product_tag-suknia","15":"product_tag-suknie","17":"first","18":"instock","19":"featured","20":"purchasable","21":"product-type-variable"},"jetpack_publicize_connections":[],"jetpack_sharing_enabled":true,"jetpack_likes_enabled":true,"_links":{"self":[{"href":"https:\/\/sofilu.pl\/index.php\/wp-json\/wp\/v2\/product\/3136","targetHints":{"allow":["GET"]}}],"collection":[{"href":"https:\/\/sofilu.pl\/index.php\/wp-json\/wp\/v2\/product"}],"about":[{"href":"https:\/\/sofilu.pl\/index.php\/wp-json\/wp\/v2\/types\/product"}],"replies":[{"embeddable":true,"href":"https:\/\/sofilu.pl\/index.php\/wp-json\/wp\/v2\/comments?post=3136"}],"wp:featuredmedia":[{"embeddable":true,"href":"https:\/\/sofilu.pl\/index.php\/wp-json\/wp\/v2\/media\/3138"}],"wp:attachment":[{"href":"https:\/\/sofilu.pl\/index.php\/wp-json\/wp\/v2\/media?parent=3136"}],"wp:term":[{"taxonomy":"product_brand","embeddable":true,"href":"https:\/\/sofilu.pl\/index.php\/wp-json\/wp\/v2\/product_brand?post=3136"},{"taxonomy":"product_cat","embeddable":true,"href":"https:\/\/sofilu.pl\/index.php\/wp-json\/wp\/v2\/product_cat?post=3136"},{"taxonomy":"product_tag","embeddable":true,"href":"https:\/\/sofilu.pl\/index.php\/wp-json\/wp\/v2\/product_tag?post=3136"}],"curies":[{"name":"wp","href":"https:\/\/api.w.org\/{rel}","templated":true}]}}