{"id":355,"date":"2021-04-27T17:04:29","date_gmt":"2021-04-27T17:04:29","guid":{"rendered":"https:\/\/sofilu.pl\/?post_type=product&#038;p=355"},"modified":"2025-12-01T00:05:11","modified_gmt":"2025-12-01T00:05:11","slug":"suknia-esther","status":"publish","type":"product","link":"https:\/\/sofilu.pl\/index.php\/produkt\/suknia-esther\/","title":{"rendered":"Suknia ESTHER"},"content":{"rendered":"<h4><strong>Suknia ESTHER<\/strong><\/h4>\n<h4><strong><span style=\"font-family: Calibri, sans-serif;\">Spektakularna suknia z mn\u00f3stwem falban.<br \/>\nWierzch sp\u00f3dnicy sk\u0142ada si\u0119 z element\u00f3w kt\u00f3re mo\u017cna uk\u0142ada\u0107 w dowolny spos\u00f3b.<br \/>\nRozmiar uniwersalny.<\/span><\/strong><\/h4>\n<p>Projekt i wykonanie: <a href=\"https:\/\/www.facebook.com\/Beata-Charachajczuk-Pracownia-Krawiecka-867708973347916\" target=\"_blank\" rel=\"noopener noreferrer\">Beata Charachajczuk\u00a0<\/a><br \/>\nFotografia: <a href=\"http:\/\/www.sesjenoworodkowe.com.pl\/?fbclid=IwAR2MAZKHKE65Rmiy4I5JtW_voPC95bzo-NJpIx5Z-zHzTCoDzYSc6Oftzhw\">Magdalena Makowska <\/a><br \/>\nFotografia: <a href=\"https:\/\/karolinabator.com\/\" target=\"_blank\" rel=\"noopener\">Karolina Bator Photography<\/a><\/p>\n","protected":false},"excerpt":{"rendered":"<p><strong>Suknia ESTHER<\/strong><\/p>\n<p>Spektakularna suknia z mn\u00f3stwem falban.<br \/>\nWierzch sp\u00f3dnicy sk\u0142ada si\u0119 z element\u00f3w kt\u00f3re mo\u017cna uk\u0142ada\u0107 w dowolny spos\u00f3b.<\/p>\n<p>Rozmiar uniwersalny<\/p>\n","protected":false},"featured_media":361,"comment_status":"open","ping_status":"closed","template":"","meta":{"jetpack_publicize_message":"","jetpack_publicize_feature_enabled":true,"jetpack_social_post_already_shared":true,"jetpack_social_options":{"image_generator_settings":{"template":"highway","default_image_id":0,"font":"","enabled":false},"version":2}},"product_brand":[],"product_cat":[75],"product_tag":[58,59,26,28,27,19,20,23,57,24],"class_list":{"0":"post-355","1":"product","2":"type-product","3":"status-publish","4":"has-post-thumbnail","6":"product_cat-suknie-tiulowe","7":"product_tag-esther","8":"product_tag-falbany","9":"product_tag-fotografia","10":"product_tag-fotograficzna","11":"product_tag-sesja","12":"product_tag-sukienka","13":"product_tag-sukienki","14":"product_tag-suknia","15":"product_tag-suknia-esther","16":"product_tag-suknie","18":"first","19":"instock","20":"featured","21":"purchasable","22":"product-type-variable"},"jetpack_publicize_connections":[],"jetpack_sharing_enabled":true,"jetpack_likes_enabled":true,"_links":{"self":[{"href":"https:\/\/sofilu.pl\/index.php\/wp-json\/wp\/v2\/product\/355","targetHints":{"allow":["GET"]}}],"collection":[{"href":"https:\/\/sofilu.pl\/index.php\/wp-json\/wp\/v2\/product"}],"about":[{"href":"https:\/\/sofilu.pl\/index.php\/wp-json\/wp\/v2\/types\/product"}],"replies":[{"embeddable":true,"href":"https:\/\/sofilu.pl\/index.php\/wp-json\/wp\/v2\/comments?post=355"}],"wp:featuredmedia":[{"embeddable":true,"href":"https:\/\/sofilu.pl\/index.php\/wp-json\/wp\/v2\/media\/361"}],"wp:attachment":[{"href":"https:\/\/sofilu.pl\/index.php\/wp-json\/wp\/v2\/media?parent=355"}],"wp:term":[{"taxonomy":"product_brand","embeddable":true,"href":"https:\/\/sofilu.pl\/index.php\/wp-json\/wp\/v2\/product_brand?post=355"},{"taxonomy":"product_cat","embeddable":true,"href":"https:\/\/sofilu.pl\/index.php\/wp-json\/wp\/v2\/product_cat?post=355"},{"taxonomy":"product_tag","embeddable":true,"href":"https:\/\/sofilu.pl\/index.php\/wp-json\/wp\/v2\/product_tag?post=355"}],"curies":[{"name":"wp","href":"https:\/\/api.w.org\/{rel}","templated":true}]}}