{"id":430,"date":"2021-09-05T17:30:58","date_gmt":"2021-09-05T17:30:58","guid":{"rendered":"https:\/\/sofilu.pl\/?post_type=product&#038;p=430"},"modified":"2025-12-01T00:04:58","modified_gmt":"2025-12-01T00:04:58","slug":"suknia-odalis","status":"publish","type":"product","link":"https:\/\/sofilu.pl\/index.php\/produkt\/suknia-odalis\/","title":{"rendered":"Suknia ODALIS"},"content":{"rendered":"<h2><strong>Suknia ODALIS<\/strong><\/h2>\n<h4><strong>Dopasowana suknia z jerseyu z d\u0142ugim r\u0119kawem i bogato marszczonym r\u0119kawem z tiulu.<\/strong><\/h4>\n<h4><strong>Rozmiar uniwersalny.<\/strong><\/h4>\n<p>Projekt i wykonanie: <a href=\"https:\/\/www.facebook.com\/Beata-Charachajczuk-Pracownia-Krawiecka-867708973347916\" target=\"_blank\" rel=\"noopener noreferrer\">Beata Charachajczuk<\/a><br \/>\nFotografia: <a href=\"http:\/\/ilonalitwin.pl\/\" target=\"_blank\" rel=\"noopener\">Ilona Litwin\u00a0<\/a><\/p>\n","protected":false},"excerpt":{"rendered":"<p><strong>Suknia ODALIS<\/strong><\/p>\n<p>Dopasowana suknia z jerseyu z d\u0142ugim r\u0119kawem i bogato marszczonym r\u0119kawem z tiulu.<\/p>\n<p>Rozmiar uniwersalny<\/p>\n<p>&nbsp;<\/p>\n<p>&nbsp;<\/p>\n","protected":false},"featured_media":433,"comment_status":"open","ping_status":"closed","template":"","meta":{"jetpack_publicize_message":"","jetpack_publicize_feature_enabled":true,"jetpack_social_post_already_shared":true,"jetpack_social_options":{"image_generator_settings":{"template":"highway","default_image_id":0,"font":"","enabled":false},"version":2}},"product_brand":[],"product_cat":[74],"product_tag":[26,28,60,65,27,19,20,23,24],"class_list":{"0":"post-430","1":"product","2":"type-product","3":"status-publish","4":"has-post-thumbnail","6":"product_cat-suknie-dzianinowe","7":"product_tag-fotografia","8":"product_tag-fotograficzna","9":"product_tag-komplet","10":"product_tag-odalis","11":"product_tag-sesja","12":"product_tag-sukienka","13":"product_tag-sukienki","14":"product_tag-suknia","15":"product_tag-suknie","17":"first","18":"instock","19":"featured","20":"purchasable","21":"product-type-variable","22":"has-default-attributes"},"jetpack_publicize_connections":[],"jetpack_sharing_enabled":true,"jetpack_likes_enabled":true,"_links":{"self":[{"href":"https:\/\/sofilu.pl\/index.php\/wp-json\/wp\/v2\/product\/430","targetHints":{"allow":["GET"]}}],"collection":[{"href":"https:\/\/sofilu.pl\/index.php\/wp-json\/wp\/v2\/product"}],"about":[{"href":"https:\/\/sofilu.pl\/index.php\/wp-json\/wp\/v2\/types\/product"}],"replies":[{"embeddable":true,"href":"https:\/\/sofilu.pl\/index.php\/wp-json\/wp\/v2\/comments?post=430"}],"wp:featuredmedia":[{"embeddable":true,"href":"https:\/\/sofilu.pl\/index.php\/wp-json\/wp\/v2\/media\/433"}],"wp:attachment":[{"href":"https:\/\/sofilu.pl\/index.php\/wp-json\/wp\/v2\/media?parent=430"}],"wp:term":[{"taxonomy":"product_brand","embeddable":true,"href":"https:\/\/sofilu.pl\/index.php\/wp-json\/wp\/v2\/product_brand?post=430"},{"taxonomy":"product_cat","embeddable":true,"href":"https:\/\/sofilu.pl\/index.php\/wp-json\/wp\/v2\/product_cat?post=430"},{"taxonomy":"product_tag","embeddable":true,"href":"https:\/\/sofilu.pl\/index.php\/wp-json\/wp\/v2\/product_tag?post=430"}],"curies":[{"name":"wp","href":"https:\/\/api.w.org\/{rel}","templated":true}]}}