{"id":625,"date":"2022-03-18T10:52:13","date_gmt":"2022-03-18T10:52:13","guid":{"rendered":"https:\/\/sofilu.pl\/?post_type=product&#038;p=625"},"modified":"2025-12-01T00:04:57","modified_gmt":"2025-12-01T00:04:57","slug":"body-luisa","status":"publish","type":"product","link":"https:\/\/sofilu.pl\/index.php\/produkt\/body-luisa\/","title":{"rendered":"Body LUISA"},"content":{"rendered":"<h2><strong>Body LUISA<\/strong><\/h2>\n<h4><strong>Body z jerseju z zak\u0142adanym hiszpa\u0144skim dekoltem. D\u0142ugi r\u0119kaw.<br \/>\n<\/strong><\/h4>\n<h4><strong>Rozmiar uniwersalny.<\/strong><\/h4>\n<p>Projekt i wykonanie: <a href=\"https:\/\/www.facebook.com\/SofiLuProps\" target=\"_blank\" rel=\"noopener noreferrer\">Beata Charachajczuk<\/a><br \/>\nFotografia: <a href=\"http:\/\/ilonalitwin.pl\/\" target=\"_blank\" rel=\"noopener\">Ilona Litwin Fotografia<\/a><\/p>\n","protected":false},"excerpt":{"rendered":"<p><strong>Body LUISA<\/strong><\/p>\n<p>Body z jerseju z zak\u0142adanym hiszpa\u0144skiem dekoltem. D\u0142ugi r\u0119kaw.<strong><br \/>\n<\/strong>Rozmiar uniwersalny<\/p>\n","protected":false},"featured_media":636,"comment_status":"open","ping_status":"closed","template":"","meta":{"jetpack_publicize_message":"","jetpack_publicize_feature_enabled":true,"jetpack_social_post_already_shared":true,"jetpack_social_options":{"image_generator_settings":{"template":"highway","default_image_id":0,"font":"","enabled":false},"version":2}},"product_brand":[],"product_cat":[68],"product_tag":[69,83,26,28,60,82,27],"class_list":{"0":"post-625","1":"product","2":"type-product","3":"status-publish","4":"has-post-thumbnail","6":"product_cat-body","7":"product_tag-body","8":"product_tag-body-luisa","9":"product_tag-fotografia","10":"product_tag-fotograficzna","11":"product_tag-komplet","12":"product_tag-luisa","13":"product_tag-sesja","15":"first","16":"instock","17":"featured","18":"purchasable","19":"product-type-variable","20":"has-default-attributes"},"jetpack_publicize_connections":[],"jetpack_sharing_enabled":true,"jetpack_likes_enabled":true,"_links":{"self":[{"href":"https:\/\/sofilu.pl\/index.php\/wp-json\/wp\/v2\/product\/625","targetHints":{"allow":["GET"]}}],"collection":[{"href":"https:\/\/sofilu.pl\/index.php\/wp-json\/wp\/v2\/product"}],"about":[{"href":"https:\/\/sofilu.pl\/index.php\/wp-json\/wp\/v2\/types\/product"}],"replies":[{"embeddable":true,"href":"https:\/\/sofilu.pl\/index.php\/wp-json\/wp\/v2\/comments?post=625"}],"wp:featuredmedia":[{"embeddable":true,"href":"https:\/\/sofilu.pl\/index.php\/wp-json\/wp\/v2\/media\/636"}],"wp:attachment":[{"href":"https:\/\/sofilu.pl\/index.php\/wp-json\/wp\/v2\/media?parent=625"}],"wp:term":[{"taxonomy":"product_brand","embeddable":true,"href":"https:\/\/sofilu.pl\/index.php\/wp-json\/wp\/v2\/product_brand?post=625"},{"taxonomy":"product_cat","embeddable":true,"href":"https:\/\/sofilu.pl\/index.php\/wp-json\/wp\/v2\/product_cat?post=625"},{"taxonomy":"product_tag","embeddable":true,"href":"https:\/\/sofilu.pl\/index.php\/wp-json\/wp\/v2\/product_tag?post=625"}],"curies":[{"name":"wp","href":"https:\/\/api.w.org\/{rel}","templated":true}]}}